{"id":3418,"date":"2024-07-29T17:43:51","date_gmt":"2024-07-29T17:43:51","guid":{"rendered":"https:\/\/imaginecupnic.org\/?page_id=3418"},"modified":"2024-08-08T17:11:14","modified_gmt":"2024-08-08T17:11:14","slug":"second-edition","status":"publish","type":"page","link":"https:\/\/imaginecupnic.org\/es\/second-edition\/","title":{"rendered":"SEGUNDA EDICI\u00d3N"},"content":{"rendered":"<div data-elementor-type=\"wp-post\" data-elementor-id=\"3418\" class=\"elementor elementor-3418\" data-elementor-post-type=\"page\">\n\t\t\t\t<div class=\"elementor-element elementor-element-043aa3f e-flex e-con-boxed e-con e-parent\" data-id=\"043aa3f\" data-element_type=\"container\" data-e-type=\"container\" data-settings=\"{&quot;background_background&quot;:&quot;classic&quot;}\">\n\t\t\t\t\t<div class=\"e-con-inner\">\n\t\t<div class=\"elementor-element elementor-element-b254a71 e-con-full e-flex e-con e-child\" data-id=\"b254a71\" data-element_type=\"container\" data-e-type=\"container\">\n\t\t\t\t<div class=\"elementor-element elementor-element-e9dcd07 animated-fast elementor-invisible elementor-widget elementor-widget-heading\" data-id=\"e9dcd07\" data-element_type=\"widget\" data-e-type=\"widget\" data-settings=\"{&quot;_animation&quot;:&quot;fadeIn&quot;}\" data-widget_type=\"heading.default\">\n\t\t\t\t<div class=\"elementor-widget-container\">\n\t\t\t\t\t<h3 class=\"elementor-heading-title elementor-size-default\">SEGUNDA EDICI\u00d3N<\/h3>\t\t\t\t<\/div>\n\t\t\t\t<\/div>\n\t\t\t\t<\/div>\n\t\t\t\t\t<\/div>\n\t\t\t\t<\/div>\n\t\t<div class=\"elementor-element elementor-element-475c6ef e-flex e-con-boxed e-con e-parent\" data-id=\"475c6ef\" data-element_type=\"container\" data-e-type=\"container\" data-settings=\"{&quot;background_background&quot;:&quot;classic&quot;}\">\n\t\t\t\t\t<div class=\"e-con-inner\">\n\t\t<div class=\"elementor-element elementor-element-6cfead6 e-con-full e-flex e-con e-child\" data-id=\"6cfead6\" data-element_type=\"container\" data-e-type=\"container\">\n\t\t\t\t<div class=\"elementor-element elementor-element-244106c elementor-widget elementor-widget-image\" data-id=\"244106c\" data-element_type=\"widget\" data-e-type=\"widget\" data-widget_type=\"image.default\">\n\t\t\t\t<div class=\"elementor-widget-container\">\n\t\t\t\t\t\t\t\t\t\t\t\t\t\t\t<img fetchpriority=\"high\" decoding=\"async\" width=\"769\" height=\"1024\" src=\"https:\/\/imaginecupnic.org\/wp-content\/uploads\/2024\/08\/WhatsApp-Image-2024-07-31-at-11.14.15-AM-1-769x1024.jpeg\" class=\"attachment-large size-large wp-image-3644\" alt=\"\" srcset=\"https:\/\/imaginecupnic.org\/wp-content\/uploads\/2024\/08\/WhatsApp-Image-2024-07-31-at-11.14.15-AM-1-769x1024.jpeg 769w, https:\/\/imaginecupnic.org\/wp-content\/uploads\/2024\/08\/WhatsApp-Image-2024-07-31-at-11.14.15-AM-1-225x300.jpeg 225w, https:\/\/imaginecupnic.org\/wp-content\/uploads\/2024\/08\/WhatsApp-Image-2024-07-31-at-11.14.15-AM-1-768x1022.jpeg 768w, https:\/\/imaginecupnic.org\/wp-content\/uploads\/2024\/08\/WhatsApp-Image-2024-07-31-at-11.14.15-AM-1-1154x1536.jpeg 1154w, https:\/\/imaginecupnic.org\/wp-content\/uploads\/2024\/08\/WhatsApp-Image-2024-07-31-at-11.14.15-AM-1-9x12.jpeg 9w, https:\/\/imaginecupnic.org\/wp-content\/uploads\/2024\/08\/WhatsApp-Image-2024-07-31-at-11.14.15-AM-1.jpeg 1202w\" sizes=\"(max-width: 769px) 100vw, 769px\" \/>\t\t\t\t\t\t\t\t\t\t\t\t\t\t\t<\/div>\n\t\t\t\t<\/div>\n\t\t\t\t<\/div>\n\t\t<div class=\"elementor-element elementor-element-0d2b776 e-con-full e-flex e-con e-child\" data-id=\"0d2b776\" data-element_type=\"container\" data-e-type=\"container\">\n\t\t\t\t<div class=\"elementor-element elementor-element-06b3c25 elementor-widget elementor-widget-heading\" data-id=\"06b3c25\" data-element_type=\"widget\" data-e-type=\"widget\" data-widget_type=\"heading.default\">\n\t\t\t\t<div class=\"elementor-widget-container\">\n\t\t\t\t\t<h2 class=\"elementor-heading-title elementor-size-default\">SEGUNDA EDICI\u00d3N<\/h2>\t\t\t\t<\/div>\n\t\t\t\t<\/div>\n\t\t\t\t<div class=\"elementor-element elementor-element-6c0c769 elementor-widget elementor-widget-text-editor\" data-id=\"6c0c769\" data-element_type=\"widget\" data-e-type=\"widget\" data-widget_type=\"text-editor.default\">\n\t\t\t\t<div class=\"elementor-widget-container\">\n\t\t\t\t\t\t\t\t\t<p><span style=\"font-weight: 400;\">Debido a algunos desaf\u00edos imprevistos, la Segunda Edici\u00f3n de la Imagine Cup tuvo lugar durante el verano de 2024. Dado el \u00e9xito de la primera edici\u00f3n, sab\u00edamos que la Imagine Cup 2024 ten\u00eda que ser m\u00e1s grande y mejor. Por eso, en la segunda edici\u00f3n, ampliamos de 8 equipos a 12 y de 96 a 120 atletas. Gracias al esfuerzo conjunto de fundadores y patrocinadores, no solo pudimos proporcionar a los equipos con los gastos regulares como el alquiler de los campos, los \u00e1rbitros y la hidrataci\u00f3n, sino tambi\u00e9n uniformes y almuerzo para cada participante. Para permitir que el evento se desarrollara de manera m\u00e1s eficiente, organizamos una Conferencia de Gesti\u00f3n dos d\u00edas antes del evento, en la que se realizaron todas las aclaraciones del torneo con los managers.\u00a0<\/span><\/p>\t\t\t\t\t\t\t\t<\/div>\n\t\t\t\t<\/div>\n\t\t\t\t<\/div>\n\t\t\t\t\t<\/div>\n\t\t\t\t<\/div>\n\t\t<div class=\"elementor-element elementor-element-b2defbe e-con-full e-flex e-con e-parent\" data-id=\"b2defbe\" data-element_type=\"container\" data-e-type=\"container\" data-settings=\"{&quot;background_background&quot;:&quot;classic&quot;}\">\n\t\t<div class=\"elementor-element elementor-element-f2b74cc e-con-full e-flex e-con e-child\" data-id=\"f2b74cc\" data-element_type=\"container\" data-e-type=\"container\">\n\t\t\t\t<div class=\"elementor-element elementor-element-2e3f228 elementor-widget elementor-widget-heading\" data-id=\"2e3f228\" data-element_type=\"widget\" data-e-type=\"widget\" data-widget_type=\"heading.default\">\n\t\t\t\t<div class=\"elementor-widget-container\">\n\t\t\t\t\t<h2 class=\"elementor-heading-title elementor-size-default\">Los equipos participantes fueron:\n<\/h2>\t\t\t\t<\/div>\n\t\t\t\t<\/div>\n\t\t\t\t<div class=\"elementor-element elementor-element-342acb0 elementor-widget elementor-widget-text-editor\" data-id=\"342acb0\" data-element_type=\"widget\" data-e-type=\"widget\" data-widget_type=\"text-editor.default\">\n\t\t\t\t<div class=\"elementor-widget-container\">\n\t\t\t\t\t\t\t\t\t<ul><li><span style=\"font-weight: 400;\">Academia Cristiana de Futbol<\/span><\/li><li><span style=\"font-weight: 400;\">Academia Los Lobos<\/span><\/li><li><span style=\"font-weight: 400;\">FC Rav Boy<\/span><\/li><li><span style=\"font-weight: 400;\">Academia El Crucero<\/span><\/li><li><span style=\"font-weight: 400;\">CD El Chante<\/span><\/li><li><span style=\"font-weight: 400;\">Galaxy Sur\u00a0<\/span><\/li><li><span style=\"font-weight: 400;\">Deportivo Sur<\/span><\/li><li><span style=\"font-weight: 400;\">ACG Academy\u00a0<\/span><\/li><li><span style=\"font-weight: 400;\">Athletic Argiro<\/span><\/li><li><span style=\"font-weight: 400;\">FC La Liga<\/span><\/li><li><span style=\"font-weight: 400;\">Colegio Fidel Coloma<\/span><\/li><li><span style=\"font-weight: 400;\">Academia de Futbol Infantil FFN<\/span><\/li><\/ul>\t\t\t\t\t\t\t\t<\/div>\n\t\t\t\t<\/div>\n\t\t\t\t<\/div>\n\t\t<div class=\"elementor-element elementor-element-4aa1567 e-con-full e-flex e-con e-child\" data-id=\"4aa1567\" data-element_type=\"container\" data-e-type=\"container\">\n\t\t\t\t<div class=\"elementor-element elementor-element-a62c300 elementor-widget elementor-widget-heading\" data-id=\"a62c300\" data-element_type=\"widget\" data-e-type=\"widget\" data-widget_type=\"heading.default\">\n\t\t\t\t<div class=\"elementor-widget-container\">\n\t\t\t\t\t<h2 class=\"elementor-heading-title elementor-size-default\">Detalles:\n<\/h2>\t\t\t\t<\/div>\n\t\t\t\t<\/div>\n\t\t\t\t<div class=\"elementor-element elementor-element-9b35ece elementor-widget elementor-widget-text-editor\" data-id=\"9b35ece\" data-element_type=\"widget\" data-e-type=\"widget\" data-widget_type=\"text-editor.default\">\n\t\t\t\t<div class=\"elementor-widget-container\">\n\t\t\t\t\t\t\t\t\t<p><span style=\"font-weight: 400;\">Los partidos constaban de dos tiempos de 20 minutos cada uno, con un descanso de 5 minutos entre ambos. Los equipos pod\u00edan tener un m\u00e1ximo de 6 jugadores en el campo al mismo tiempo, incluyendo al portero; sin embargo, pod\u00edan contar con 4 jugadores adicionales en el banquillo. La liga era exclusivamente para atletas menores de 18 a\u00f1os, y los directores realizaron una investigaci\u00f3n exhaustiva de cada equipo para garantizar que se respetaran los l\u00edmites de edad.\u00a0<\/span><\/p><p><span style=\"font-weight: 400;\">Los equipos se dividieron en 4 grupos de 4. Despu\u00e9s de una breve fase de grupos en la que cada equipo se enfrent\u00f3 a todos los dem\u00e1s equipos de su grupo, los cuatro l\u00edderes de cada grupo se clasificaron para las etapas de eliminaci\u00f3n directa (semifinales en adelante). <\/span><\/p>\t\t\t\t\t\t\t\t<\/div>\n\t\t\t\t<\/div>\n\t\t\t\t<\/div>\n\t\t\t\t<\/div>\n\t\t<div class=\"elementor-element elementor-element-f2ff615 e-flex e-con-boxed e-con e-parent\" data-id=\"f2ff615\" data-element_type=\"container\" data-e-type=\"container\" data-settings=\"{&quot;background_background&quot;:&quot;classic&quot;}\">\n\t\t\t\t\t<div class=\"e-con-inner\">\n\t\t\t\t<div class=\"elementor-element elementor-element-aca931f elementor-widget elementor-widget-heading\" data-id=\"aca931f\" data-element_type=\"widget\" data-e-type=\"widget\" data-widget_type=\"heading.default\">\n\t\t\t\t<div class=\"elementor-widget-container\">\n\t\t\t\t\t<h2 class=\"elementor-heading-title elementor-size-default\">Resultados<\/h2>\t\t\t\t<\/div>\n\t\t\t\t<\/div>\n\t\t\t\t\t<\/div>\n\t\t\t\t<\/div>\n\t\t<div class=\"elementor-element elementor-element-d46a2b5 e-flex e-con-boxed e-con e-parent\" data-id=\"d46a2b5\" data-element_type=\"container\" data-e-type=\"container\" data-settings=\"{&quot;background_background&quot;:&quot;classic&quot;}\">\n\t\t\t\t\t<div class=\"e-con-inner\">\n\t\t<div class=\"elementor-element elementor-element-5f2cd90 e-con-full e-flex e-con e-child\" data-id=\"5f2cd90\" data-element_type=\"container\" data-e-type=\"container\">\n\t\t\t\t<div class=\"elementor-element elementor-element-73c84ac elementor-widget elementor-widget-image\" data-id=\"73c84ac\" data-element_type=\"widget\" data-e-type=\"widget\" data-widget_type=\"image.default\">\n\t\t\t\t<div class=\"elementor-widget-container\">\n\t\t\t\t\t\t\t\t\t\t\t\t\t\t\t<img decoding=\"async\" width=\"966\" height=\"1024\" src=\"https:\/\/imaginecupnic.org\/wp-content\/uploads\/2024\/08\/WhatsApp-Image-2024-07-31-at-11.14.16-AM-1-966x1024.jpeg\" class=\"attachment-large size-large wp-image-3654\" alt=\"\" srcset=\"https:\/\/imaginecupnic.org\/wp-content\/uploads\/2024\/08\/WhatsApp-Image-2024-07-31-at-11.14.16-AM-1-966x1024.jpeg 966w, https:\/\/imaginecupnic.org\/wp-content\/uploads\/2024\/08\/WhatsApp-Image-2024-07-31-at-11.14.16-AM-1-283x300.jpeg 283w, https:\/\/imaginecupnic.org\/wp-content\/uploads\/2024\/08\/WhatsApp-Image-2024-07-31-at-11.14.16-AM-1-768x814.jpeg 768w, https:\/\/imaginecupnic.org\/wp-content\/uploads\/2024\/08\/WhatsApp-Image-2024-07-31-at-11.14.16-AM-1-1450x1536.jpeg 1450w, https:\/\/imaginecupnic.org\/wp-content\/uploads\/2024\/08\/WhatsApp-Image-2024-07-31-at-11.14.16-AM-1-11x12.jpeg 11w, https:\/\/imaginecupnic.org\/wp-content\/uploads\/2024\/08\/WhatsApp-Image-2024-07-31-at-11.14.16-AM-1.jpeg 1510w\" sizes=\"(max-width: 966px) 100vw, 966px\" \/>\t\t\t\t\t\t\t\t\t\t\t\t\t\t\t<\/div>\n\t\t\t\t<\/div>\n\t\t\t\t<\/div>\n\t\t<div class=\"elementor-element elementor-element-f2817cf e-con-full e-flex e-con e-child\" data-id=\"f2817cf\" data-element_type=\"container\" data-e-type=\"container\">\n\t\t\t\t<div class=\"elementor-element elementor-element-e8c66ee elementor-widget elementor-widget-text-editor\" data-id=\"e8c66ee\" data-element_type=\"widget\" data-e-type=\"widget\" data-widget_type=\"text-editor.default\">\n\t\t\t\t<div class=\"elementor-widget-container\">\n\t\t\t\t\t\t\t\t\t<p><span style=\"font-weight: 400;\"><strong>Campiones<\/strong> CD El Chante<\/span><\/p><p><span style=\"font-weight: 400;\"><strong>Subcampeones:<\/strong> Academia Los Lobos<\/span><\/p><p><span style=\"font-weight: 400;\"><strong>Tercer Lugar<\/strong> Deportivo Sur<\/span><\/p><p><span style=\"font-weight: 400;\"><strong>Juego Limpio (Menos tarjetas y faltas):<\/strong> Academia de Futbol Infantil FFN<\/span><\/p><p><span style=\"font-weight: 400;\"><strong>Top Scorer:<\/strong> Usiel Hernandez &#8211; Academia FFN (7 Goles)<\/span><\/p><p><span style=\"font-weight: 400;\"><strong>Mejor Portero:<\/strong> Ander Duarte (CD El Chante)\u00a0<\/span><\/p><p><span style=\"font-weight: 400;\">Se anotaron un total de 76 goles a lo largo del torneo, destacando el aumento en el nivel de los equipos participantes. Se mostraron 2 tarjetas rojas, igualando el r\u00e9cord m\u00ednimo, manteniendo el respeto por el deporte a pesar de la alta intensidad de los partidos.<\/span><\/p>\t\t\t\t\t\t\t\t<\/div>\n\t\t\t\t<\/div>\n\t\t\t\t<\/div>\n\t\t\t\t\t<\/div>\n\t\t\t\t<\/div>\n\t\t\t\t<\/div>","protected":false},"excerpt":{"rendered":"<p>Second Edition Second Edition Due to some unforeseen challenges, the 2nd Edition of the Imagine Cup took place during the summer of 2024. Given the success of the first edition, we knew Imagine Cup 2024 had to be bigger and better. That is why for the second edition, we expanded from 8 teams to 12 [&hellip;]<\/p>\n","protected":false},"author":1,"featured_media":0,"parent":0,"menu_order":0,"comment_status":"closed","ping_status":"closed","template":"","meta":{"site-sidebar-layout":"no-sidebar","site-content-layout":"page-builder","ast-site-content-layout":"default","site-content-style":"default","site-sidebar-style":"default","ast-global-header-display":"","ast-banner-title-visibility":"","ast-main-header-display":"","ast-hfb-above-header-display":"","ast-hfb-below-header-display":"","ast-hfb-mobile-header-display":"","site-post-title":"disabled","ast-breadcrumbs-content":"","ast-featured-img":"disabled","footer-sml-layout":"","ast-disable-related-posts":"","theme-transparent-header-meta":"","adv-header-id-meta":"","stick-header-meta":"","header-above-stick-meta":"","header-main-stick-meta":"","header-below-stick-meta":"","astra-migrate-meta-layouts":"default","ast-page-background-enabled":"default","ast-page-background-meta":{"desktop":{"background-color":"","background-image":"","background-repeat":"repeat","background-position":"center center","background-size":"auto","background-attachment":"scroll","background-type":"","background-media":"","overlay-type":"","overlay-color":"","overlay-opacity":"","overlay-gradient":""},"tablet":{"background-color":"","background-image":"","background-repeat":"repeat","background-position":"center center","background-size":"auto","background-attachment":"scroll","background-type":"","background-media":"","overlay-type":"","overlay-color":"","overlay-opacity":"","overlay-gradient":""},"mobile":{"background-color":"","background-image":"","background-repeat":"repeat","background-position":"center center","background-size":"auto","background-attachment":"scroll","background-type":"","background-media":"","overlay-type":"","overlay-color":"","overlay-opacity":"","overlay-gradient":""}},"ast-content-background-meta":{"desktop":{"background-color":"var(--ast-global-color-5)","background-image":"","background-repeat":"repeat","background-position":"center center","background-size":"auto","background-attachment":"scroll","background-type":"","background-media":"","overlay-type":"","overlay-color":"","overlay-opacity":"","overlay-gradient":""},"tablet":{"background-color":"var(--ast-global-color-5)","background-image":"","background-repeat":"repeat","background-position":"center center","background-size":"auto","background-attachment":"scroll","background-type":"","background-media":"","overlay-type":"","overlay-color":"","overlay-opacity":"","overlay-gradient":""},"mobile":{"background-color":"var(--ast-global-color-5)","background-image":"","background-repeat":"repeat","background-position":"center center","background-size":"auto","background-attachment":"scroll","background-type":"","background-media":"","overlay-type":"","overlay-color":"","overlay-opacity":"","overlay-gradient":""}},"footnotes":""},"class_list":["post-3418","page","type-page","status-publish","hentry"],"_links":{"self":[{"href":"https:\/\/imaginecupnic.org\/es\/wp-json\/wp\/v2\/pages\/3418","targetHints":{"allow":["GET"]}}],"collection":[{"href":"https:\/\/imaginecupnic.org\/es\/wp-json\/wp\/v2\/pages"}],"about":[{"href":"https:\/\/imaginecupnic.org\/es\/wp-json\/wp\/v2\/types\/page"}],"author":[{"embeddable":true,"href":"https:\/\/imaginecupnic.org\/es\/wp-json\/wp\/v2\/users\/1"}],"replies":[{"embeddable":true,"href":"https:\/\/imaginecupnic.org\/es\/wp-json\/wp\/v2\/comments?post=3418"}],"version-history":[{"count":52,"href":"https:\/\/imaginecupnic.org\/es\/wp-json\/wp\/v2\/pages\/3418\/revisions"}],"predecessor-version":[{"id":3917,"href":"https:\/\/imaginecupnic.org\/es\/wp-json\/wp\/v2\/pages\/3418\/revisions\/3917"}],"wp:attachment":[{"href":"https:\/\/imaginecupnic.org\/es\/wp-json\/wp\/v2\/media?parent=3418"}],"curies":[{"name":"wp","href":"https:\/\/api.w.org\/{rel}","templated":true}]}}