{"id":34,"date":"2024-07-17T21:33:47","date_gmt":"2024-07-17T21:33:47","guid":{"rendered":"http:\/\/imaginecupnic.org\/about-me\/"},"modified":"2024-10-11T18:35:49","modified_gmt":"2024-10-11T18:35:49","slug":"about-us","status":"publish","type":"page","link":"https:\/\/imaginecupnic.org\/es\/about-us\/","title":{"rendered":"ACERCA DE NOSOTROS"},"content":{"rendered":"<div data-elementor-type=\"wp-post\" data-elementor-id=\"34\" class=\"elementor elementor-34\" data-elementor-post-type=\"page\">\n\t\t\t\t<div class=\"elementor-element elementor-element-043aa3f e-flex e-con-boxed e-con e-parent\" data-id=\"043aa3f\" data-element_type=\"container\" data-e-type=\"container\" data-settings=\"{&quot;background_background&quot;:&quot;classic&quot;}\">\n\t\t\t\t\t<div class=\"e-con-inner\">\n\t\t<div class=\"elementor-element elementor-element-b254a71 e-con-full e-flex e-con e-child\" data-id=\"b254a71\" data-element_type=\"container\" data-e-type=\"container\">\n\t\t\t\t<div class=\"elementor-element elementor-element-e9dcd07 animated-fast elementor-invisible elementor-widget elementor-widget-heading\" data-id=\"e9dcd07\" data-element_type=\"widget\" data-e-type=\"widget\" data-settings=\"{&quot;_animation&quot;:&quot;fadeIn&quot;}\" data-widget_type=\"heading.default\">\n\t\t\t\t<div class=\"elementor-widget-container\">\n\t\t\t\t\t<h3 class=\"elementor-heading-title elementor-size-default\">ACERCA DE NOSOTROS<\/h3>\t\t\t\t<\/div>\n\t\t\t\t<\/div>\n\t\t\t\t<\/div>\n\t\t\t\t\t<\/div>\n\t\t\t\t<\/div>\n\t\t<div class=\"elementor-element elementor-element-f4305b0 e-flex e-con-boxed e-con e-parent\" data-id=\"f4305b0\" data-element_type=\"container\" data-e-type=\"container\" data-settings=\"{&quot;background_background&quot;:&quot;classic&quot;}\">\n\t\t\t\t\t<div class=\"e-con-inner\">\n\t\t\t\t<div class=\"elementor-element elementor-element-8788171 elementor-widget elementor-widget-heading\" data-id=\"8788171\" data-element_type=\"widget\" data-e-type=\"widget\" data-widget_type=\"heading.default\">\n\t\t\t\t<div class=\"elementor-widget-container\">\n\t\t\t\t\t<h2 class=\"elementor-heading-title elementor-size-default\">Our Story<\/h2>\t\t\t\t<\/div>\n\t\t\t\t<\/div>\n\t\t\t\t<div class=\"elementor-element elementor-element-4e6c1fa elementor-widget elementor-widget-image\" data-id=\"4e6c1fa\" data-element_type=\"widget\" data-e-type=\"widget\" data-widget_type=\"image.default\">\n\t\t\t\t<div class=\"elementor-widget-container\">\n\t\t\t\t\t\t\t\t\t\t\t\t\t\t\t<img fetchpriority=\"high\" decoding=\"async\" width=\"1536\" height=\"2048\" src=\"https:\/\/imaginecupnic.org\/wp-content\/uploads\/2024\/07\/P1150159-1536x2048.jpg\" class=\"attachment-2048x2048 size-2048x2048 wp-image-3059\" alt=\"\" \/>\t\t\t\t\t\t\t\t\t\t\t\t\t\t\t<\/div>\n\t\t\t\t<\/div>\n\t\t\t\t<div class=\"elementor-element elementor-element-7090d53 elementor-widget elementor-widget-text-editor\" data-id=\"7090d53\" data-element_type=\"widget\" data-e-type=\"widget\" data-widget_type=\"text-editor.default\">\n\t\t\t\t<div class=\"elementor-widget-container\">\n\t\t\t\t\t\t\t\t\t<p><span style=\"font-weight: 400;\">Hola, somos Robert Matthews y Carlos Siero, fundadores de Imagine Cup.<\/span><\/p><p><span style=\"font-weight: 400;\">Ambos compartimos una pasi\u00f3n fundamental por los deportes y, a\u00fan m\u00e1s, por el f\u00fatbol. As\u00ed que, a pesar de ser miembros activos del equipo universitario, decidimos crear un equipo de f\u00fatbol cinco con algunos amigos. Despu\u00e9s de un \u00e9xito inicial en partidos amistosos y copas, la b\u00fasqueda de torneos m\u00e1s competitivos revel\u00f3 la necesidad de m\u00e1s oportunidades para que los j\u00f3venes jueguen al f\u00fatbol en Nicaragua. No solo eran raros los torneos, sino tambi\u00e9n costosos, lo que limitaba a los participantes. Como resultado, a finales de 2022, decidimos organizar la primera edici\u00f3n de lo que ser\u00eda el <\/span><i><span style=\"font-weight: 400;\">Imagine Cup<\/span><\/i><span style=\"font-weight: 400;\">.\u00a0<\/span><\/p><p><span style=\"font-weight: 400;\">bajo el nombre de <\/span><i><span style=\"font-weight: 400;\">Copa Roma-Claro, <\/span><\/i><span style=\"font-weight: 400;\">ocho equipos de la capital de Nicaragua, Managua, participaron en una liga de f\u00fatbol de varios meses. Gracias al apoyo de los patrocinadores, la liga fue completamente gratuita para los equipos, lo que significa que todos los gastos estaban cubiertos, incluyendo el alquiler de los campos, los \u00e1rbitros y la hidrataci\u00f3n, para que los jugadores no tuvieran que preocuparse por nada m\u00e1s que jugar.\u00a0\u00a0<\/span><\/p><p><span style=\"font-weight: 400;\">Decir que la liga fue un \u00e9xito total ser\u00eda quedarse corto. A lo largo de las finales, las emociones estaban a flor de piel, y aunque solo pod\u00eda haber un ganador, podemos afirmar con confianza que todos disfrutaron al m\u00e1ximo de jugar al deporte que aman.\u00a0<\/span><\/p><p><span style=\"font-weight: 400;\">Dado el \u00e9xito de la primera edici\u00f3n, no pod\u00edamos esperar a que la liga comenzara de nuevo. A pesar de algunos retrasos imprevistos, la segunda edici\u00f3n comenz\u00f3 a mediados de 2024. Hubo algunos cambios, como el hecho de que ahora fuera un evento de un d\u00eda o el nombre formalmente siendo Imagine Cup, ya que queremos que la copa sea un lugar para que los atletas sue\u00f1en en grande y trabajen hacia sus sue\u00f1os y todo lo que imaginaron. Tambi\u00e9n crecimos en tama\u00f1o, ya que la Imagine Cup 2024 ahora constaba de 12 equipos y 120 atletas. Nuestro equipo tambi\u00e9n creci\u00f3, ya que fant\u00e1sticos voluntarios nos ayudaron a hacer realidad la copa. Gracias al continuo apoyo de nuestros patrocinadores, pudimos hacer que esta edici\u00f3n de la copa fuera gratuita para los equipos y proporcionarles uniformes, hidrataci\u00f3n y comida.\u00a0<\/span><\/p><p><span style=\"font-weight: 400;\">La segunda edici\u00f3n fue un festival de f\u00fatbol. A pesar de ser solo un evento de un d\u00eda, se jugaron 24 partidos, garantizando acci\u00f3n ininterrumpida. Tambi\u00e9n pudimos traer al entrenador Luis D\u00edaz de Rancho Santana FC, un equipo de primera divisi\u00f3n nicarag\u00fcense, al evento. Impresionado por el talento mostrado en los campos, reclut\u00f3 a cuatro participantes de la Imagine Cup e los invit\u00f3 a realizar pruebas con su equipo.<\/span><\/p><p><span style=\"font-weight: 400;\">Para nosotros, los meses de preparaci\u00f3n para la copa valieron cada segundo al ver a los ni\u00f1os disfrutar jugando al f\u00fatbol, ya que es la pasi\u00f3n que todos compartimos. Tambi\u00e9n nos enorgulleci\u00f3 mucho ver a algunos de ellos viviendo sus sue\u00f1os y obteniendo oportunidades en el f\u00fatbol profesional. Fue, sin duda, una experiencia gratificante y algo que nunca olvidaremos.\u00a0<\/span><\/p><p><span style=\"font-weight: 400;\">D\u00edas despu\u00e9s de la copa, los directores de Rancho Santana FC comunicaron su intenci\u00f3n de asociarse oficialmente con nosotros, convirtiendo a Imagine Cup en un puente oficial para que los j\u00f3venes atletas nicarag\u00fcenses alcancen sus objetivos. Eso es lo que Imagine Cup representa: ayudar a los ni\u00f1os a disfrutar del deporte y alcanzar sus sue\u00f1os.\u00a0<\/span><\/p><p><span style=\"font-weight: 400;\">\u00a1Esperamos con entusiasmo nuestra asociaci\u00f3n con Rancho Santana FC y los eventos que el futuro traer\u00e1!<\/span><\/p><p><span style=\"font-weight: 400;\">\u00a0<\/span><span style=\"font-weight: 400;\"><strong>Fundadores:<\/strong> Robert Matthews y Carlos Siero<\/span><\/p><p><span style=\"font-weight: 400;\"><strong>Voluntarios de la Segunda Edici\u00f3n:<\/strong> Claudia Ram\u00edrez, Suri Bacca, Mauricio Sandino, Fernando Cort\u00e9s, Jos\u00e9 Daniel Mej\u00eda y Jos\u00e9 Andr\u00e9s Siero.\u00a0<\/span><\/p>\t\t\t\t\t\t\t\t<\/div>\n\t\t\t\t<\/div>\n\t\t\t\t\t<\/div>\n\t\t\t\t<\/div>\n\t\t<div class=\"elementor-element elementor-element-475c6ef e-flex e-con-boxed e-con e-parent\" data-id=\"475c6ef\" data-element_type=\"container\" data-e-type=\"container\" data-settings=\"{&quot;background_background&quot;:&quot;classic&quot;}\">\n\t\t\t\t\t<div class=\"e-con-inner\">\n\t\t<div class=\"elementor-element elementor-element-6cfead6 e-con-full e-flex e-con e-child\" data-id=\"6cfead6\" data-element_type=\"container\" data-e-type=\"container\">\n\t\t\t\t<div class=\"elementor-element elementor-element-244106c elementor-widget elementor-widget-image\" data-id=\"244106c\" data-element_type=\"widget\" data-e-type=\"widget\" data-widget_type=\"image.default\">\n\t\t\t\t<div class=\"elementor-widget-container\">\n\t\t\t\t\t\t\t\t\t\t\t\t\t\t\t<img decoding=\"async\" width=\"819\" height=\"1024\" src=\"https:\/\/imaginecupnic.org\/wp-content\/uploads\/2024\/07\/WhatsApp-Image-2024-07-25-at-4.44.01-PM-819x1024.jpeg\" class=\"attachment-large size-large wp-image-3204\" alt=\"\" srcset=\"https:\/\/imaginecupnic.org\/wp-content\/uploads\/2024\/07\/WhatsApp-Image-2024-07-25-at-4.44.01-PM-819x1024.jpeg 819w, https:\/\/imaginecupnic.org\/wp-content\/uploads\/2024\/07\/WhatsApp-Image-2024-07-25-at-4.44.01-PM-240x300.jpeg 240w, https:\/\/imaginecupnic.org\/wp-content\/uploads\/2024\/07\/WhatsApp-Image-2024-07-25-at-4.44.01-PM-768x960.jpeg 768w, https:\/\/imaginecupnic.org\/wp-content\/uploads\/2024\/07\/WhatsApp-Image-2024-07-25-at-4.44.01-PM-1229x1536.jpeg 1229w, https:\/\/imaginecupnic.org\/wp-content\/uploads\/2024\/07\/WhatsApp-Image-2024-07-25-at-4.44.01-PM.jpeg 1280w\" sizes=\"(max-width: 819px) 100vw, 819px\" \/>\t\t\t\t\t\t\t\t\t\t\t\t\t\t\t<\/div>\n\t\t\t\t<\/div>\n\t\t\t\t<div class=\"elementor-element elementor-element-db2ec7f elementor-widget elementor-widget-heading\" data-id=\"db2ec7f\" data-element_type=\"widget\" data-e-type=\"widget\" data-widget_type=\"heading.default\">\n\t\t\t\t<div class=\"elementor-widget-container\">\n\t\t\t\t\t<h2 class=\"elementor-heading-title elementor-size-default\">Robert Matthews:\n<\/h2>\t\t\t\t<\/div>\n\t\t\t\t<\/div>\n\t\t\t\t<div class=\"elementor-element elementor-element-095fd92 elementor-widget elementor-widget-text-editor\" data-id=\"095fd92\" data-element_type=\"widget\" data-e-type=\"widget\" data-widget_type=\"text-editor.default\">\n\t\t\t\t<div class=\"elementor-widget-container\">\n\t\t\t\t\t\t\t\t\t<p><span style=\"font-weight: 400;\">Hi, my name is Robert Matthews, and I am the Co-founder and Co-President of Imagine Cup. More specifically, I am responsible for Logistics, Recruitment, and Marketing.<\/span><\/p><p><span style=\"font-weight: 400;\">I have always had a profound passion for sports, bouncing around my high school\u2019s varsity golf and soccer teams. Yet, there is nothing I enjoy more than combining my love for sports with my interest in innovation and leadership. Through Imagine Cup\u2019s various events, I\u2019ve been able to channel this passion into creating opportunities for others to grow, giving many the chance to pursue their dreams and forge meaningful connections. Nothing unites us Nicaraguans quite like soccer, and through Imagine Cup, I hope to continue fostering that sense of community and shared ambition.<\/span><\/p><p><br style=\"font-weight: 400;\" \/><br style=\"font-weight: 400;\" \/><\/p>\t\t\t\t\t\t\t\t<\/div>\n\t\t\t\t<\/div>\n\t\t\t\t<\/div>\n\t\t<div class=\"elementor-element elementor-element-0d2b776 e-con-full e-flex e-con e-child\" data-id=\"0d2b776\" data-element_type=\"container\" data-e-type=\"container\">\n\t\t\t\t<div class=\"elementor-element elementor-element-2690b82 elementor-widget elementor-widget-image\" data-id=\"2690b82\" data-element_type=\"widget\" data-e-type=\"widget\" data-widget_type=\"image.default\">\n\t\t\t\t<div class=\"elementor-widget-container\">\n\t\t\t\t\t\t\t\t\t\t\t\t\t\t\t<img decoding=\"async\" width=\"768\" height=\"1024\" src=\"https:\/\/imaginecupnic.org\/wp-content\/uploads\/2024\/07\/WhatsApp-Image-2024-07-25-at-4.44.00-PM-768x1024.jpeg\" class=\"attachment-large size-large wp-image-3226\" alt=\"\" srcset=\"https:\/\/imaginecupnic.org\/wp-content\/uploads\/2024\/07\/WhatsApp-Image-2024-07-25-at-4.44.00-PM-768x1024.jpeg 768w, https:\/\/imaginecupnic.org\/wp-content\/uploads\/2024\/07\/WhatsApp-Image-2024-07-25-at-4.44.00-PM-225x300.jpeg 225w, https:\/\/imaginecupnic.org\/wp-content\/uploads\/2024\/07\/WhatsApp-Image-2024-07-25-at-4.44.00-PM-1152x1536.jpeg 1152w, https:\/\/imaginecupnic.org\/wp-content\/uploads\/2024\/07\/WhatsApp-Image-2024-07-25-at-4.44.00-PM-1536x2048.jpeg 1536w, https:\/\/imaginecupnic.org\/wp-content\/uploads\/2024\/07\/WhatsApp-Image-2024-07-25-at-4.44.00-PM-scaled.jpeg 1920w\" sizes=\"(max-width: 768px) 100vw, 768px\" \/>\t\t\t\t\t\t\t\t\t\t\t\t\t\t\t<\/div>\n\t\t\t\t<\/div>\n\t\t\t\t<div class=\"elementor-element elementor-element-06b3c25 elementor-widget elementor-widget-heading\" data-id=\"06b3c25\" data-element_type=\"widget\" data-e-type=\"widget\" data-widget_type=\"heading.default\">\n\t\t\t\t<div class=\"elementor-widget-container\">\n\t\t\t\t\t<h2 class=\"elementor-heading-title elementor-size-default\">Carlos Siero: \n<\/h2>\t\t\t\t<\/div>\n\t\t\t\t<\/div>\n\t\t\t\t<div class=\"elementor-element elementor-element-6c0c769 elementor-widget elementor-widget-text-editor\" data-id=\"6c0c769\" data-element_type=\"widget\" data-e-type=\"widget\" data-widget_type=\"text-editor.default\">\n\t\t\t\t<div class=\"elementor-widget-container\">\n\t\t\t\t\t\t\t\t\t<p><span style=\"font-weight: 400;\">Responsable de Finanzas, Patrocinios y Gastos.<\/span><\/p><p><span style=\"font-weight: 400;\">Carlos tambi\u00e9n es estudiante de secundaria en Lincoln International Academy y le encanta jugar al f\u00fatbol en el equipo universitario, donde es titular. Disfruta corriendo por el campo y viendo jugar a sus equipos favoritos, Real Madrid y Chelsea. Carlos desea estudiar negocios en la universidad y le gusta combinar su mentalidad empresarial con su amor por el deporte.\u00a0<\/span><\/p><p><span style=\"font-weight: 400;\">Carlos tambi\u00e9n ha completado varios cursos para expandir su conocimiento, incluyendo el Programa de Finanzas de Wharton y el Laboratorio de Impacto de Emprendimiento Juvenil de Babson.\u00a0<\/span><\/p>\t\t\t\t\t\t\t\t<\/div>\n\t\t\t\t<\/div>\n\t\t\t\t<\/div>\n\t\t\t\t\t<\/div>\n\t\t\t\t<\/div>\n\t\t<div class=\"elementor-element elementor-element-b2defbe e-con-full e-flex e-con e-parent\" data-id=\"b2defbe\" data-element_type=\"container\" data-e-type=\"container\" data-settings=\"{&quot;background_background&quot;:&quot;classic&quot;}\">\n\t\t<div class=\"elementor-element elementor-element-f2b74cc e-con-full e-flex e-con e-child\" data-id=\"f2b74cc\" data-element_type=\"container\" data-e-type=\"container\">\n\t\t\t\t<div class=\"elementor-element elementor-element-2e3f228 elementor-widget elementor-widget-heading\" data-id=\"2e3f228\" data-element_type=\"widget\" data-e-type=\"widget\" data-widget_type=\"heading.default\">\n\t\t\t\t<div class=\"elementor-widget-container\">\n\t\t\t\t\t<h2 class=\"elementor-heading-title elementor-size-default\">Voluntarios\n<\/h2>\t\t\t\t<\/div>\n\t\t\t\t<\/div>\n\t\t\t\t<div class=\"elementor-element elementor-element-342acb0 elementor-widget elementor-widget-text-editor\" data-id=\"342acb0\" data-element_type=\"widget\" data-e-type=\"widget\" data-widget_type=\"text-editor.default\">\n\t\t\t\t<div class=\"elementor-widget-container\">\n\t\t\t\t\t\t\t\t\t<p><span style=\"font-weight: 400;\">Agradecemos a nuestros voluntarios por su ayuda durante la Segunda Edici\u00f3n de la Copa.\u00a0<\/span><\/p><p><span style=\"font-weight: 400;\">Claudia Ramirez (Photography), Suri Bacca (Interviews), Mauricio Sandino (Assistance), Fernando Cortes (Interviews), Jose Daniel Mejia (Logistics) y Jose Andres Siero (Assistance).\u00a0<\/span><\/p>\t\t\t\t\t\t\t\t<\/div>\n\t\t\t\t<\/div>\n\t\t\t\t<\/div>\n\t\t\t\t<\/div>\n\t\t\t\t<\/div>","protected":false},"excerpt":{"rendered":"<p>About Us Our Story Hi, we are Robert Matthews and Carlos Siero, founders of the Imagine Cup. We both share an underlying passion for sports and even more so for soccer. So, despite being both active varsity team members, we decided to create a five-side soccer team with some friends. After some initial success in [&hellip;]<\/p>\n","protected":false},"author":1,"featured_media":0,"parent":0,"menu_order":0,"comment_status":"closed","ping_status":"closed","template":"","meta":{"site-sidebar-layout":"no-sidebar","site-content-layout":"page-builder","ast-site-content-layout":"default","site-content-style":"default","site-sidebar-style":"default","ast-global-header-display":"","ast-banner-title-visibility":"","ast-main-header-display":"","ast-hfb-above-header-display":"","ast-hfb-below-header-display":"","ast-hfb-mobile-header-display":"","site-post-title":"disabled","ast-breadcrumbs-content":"","ast-featured-img":"disabled","footer-sml-layout":"","ast-disable-related-posts":"","theme-transparent-header-meta":"","adv-header-id-meta":"","stick-header-meta":"","header-above-stick-meta":"","header-main-stick-meta":"","header-below-stick-meta":"","astra-migrate-meta-layouts":"default","ast-page-background-enabled":"default","ast-page-background-meta":{"desktop":{"background-color":"","background-image":"","background-repeat":"repeat","background-position":"center center","background-size":"auto","background-attachment":"scroll","background-type":"","background-media":"","overlay-type":"","overlay-color":"","overlay-opacity":"","overlay-gradient":""},"tablet":{"background-color":"","background-image":"","background-repeat":"repeat","background-position":"center center","background-size":"auto","background-attachment":"scroll","background-type":"","background-media":"","overlay-type":"","overlay-color":"","overlay-opacity":"","overlay-gradient":""},"mobile":{"background-color":"","background-image":"","background-repeat":"repeat","background-position":"center center","background-size":"auto","background-attachment":"scroll","background-type":"","background-media":"","overlay-type":"","overlay-color":"","overlay-opacity":"","overlay-gradient":""}},"ast-content-background-meta":{"desktop":{"background-color":"var(--ast-global-color-5)","background-image":"","background-repeat":"repeat","background-position":"center center","background-size":"auto","background-attachment":"scroll","background-type":"","background-media":"","overlay-type":"","overlay-color":"","overlay-opacity":"","overlay-gradient":""},"tablet":{"background-color":"var(--ast-global-color-5)","background-image":"","background-repeat":"repeat","background-position":"center center","background-size":"auto","background-attachment":"scroll","background-type":"","background-media":"","overlay-type":"","overlay-color":"","overlay-opacity":"","overlay-gradient":""},"mobile":{"background-color":"var(--ast-global-color-5)","background-image":"","background-repeat":"repeat","background-position":"center center","background-size":"auto","background-attachment":"scroll","background-type":"","background-media":"","overlay-type":"","overlay-color":"","overlay-opacity":"","overlay-gradient":""}},"footnotes":""},"class_list":["post-34","page","type-page","status-publish","hentry"],"_links":{"self":[{"href":"https:\/\/imaginecupnic.org\/es\/wp-json\/wp\/v2\/pages\/34","targetHints":{"allow":["GET"]}}],"collection":[{"href":"https:\/\/imaginecupnic.org\/es\/wp-json\/wp\/v2\/pages"}],"about":[{"href":"https:\/\/imaginecupnic.org\/es\/wp-json\/wp\/v2\/types\/page"}],"author":[{"embeddable":true,"href":"https:\/\/imaginecupnic.org\/es\/wp-json\/wp\/v2\/users\/1"}],"replies":[{"embeddable":true,"href":"https:\/\/imaginecupnic.org\/es\/wp-json\/wp\/v2\/comments?post=34"}],"version-history":[{"count":160,"href":"https:\/\/imaginecupnic.org\/es\/wp-json\/wp\/v2\/pages\/34\/revisions"}],"predecessor-version":[{"id":3951,"href":"https:\/\/imaginecupnic.org\/es\/wp-json\/wp\/v2\/pages\/34\/revisions\/3951"}],"wp:attachment":[{"href":"https:\/\/imaginecupnic.org\/es\/wp-json\/wp\/v2\/media?parent=34"}],"curies":[{"name":"wp","href":"https:\/\/api.w.org\/{rel}","templated":true}]}}