{"id":3282,"date":"2024-07-29T16:58:43","date_gmt":"2024-07-29T16:58:43","guid":{"rendered":"https:\/\/imaginecupnic.org\/?page_id=3282"},"modified":"2024-08-08T17:21:07","modified_gmt":"2024-08-08T17:21:07","slug":"all-star-match","status":"publish","type":"page","link":"https:\/\/imaginecupnic.org\/es\/all-star-match\/","title":{"rendered":"Partido de Estrellas"},"content":{"rendered":"<div data-elementor-type=\"wp-post\" data-elementor-id=\"3282\" class=\"elementor elementor-3282\" data-elementor-post-type=\"page\">\n\t\t\t\t<div class=\"elementor-element elementor-element-043aa3f e-flex e-con-boxed e-con e-parent\" data-id=\"043aa3f\" data-element_type=\"container\" data-e-type=\"container\" data-settings=\"{&quot;background_background&quot;:&quot;classic&quot;}\">\n\t\t\t\t\t<div class=\"e-con-inner\">\n\t\t<div class=\"elementor-element elementor-element-b254a71 e-con-full e-flex e-con e-child\" data-id=\"b254a71\" data-element_type=\"container\" data-e-type=\"container\">\n\t\t\t\t<div class=\"elementor-element elementor-element-e9dcd07 animated-fast elementor-invisible elementor-widget elementor-widget-heading\" data-id=\"e9dcd07\" data-element_type=\"widget\" data-e-type=\"widget\" data-settings=\"{&quot;_animation&quot;:&quot;fadeIn&quot;}\" data-widget_type=\"heading.default\">\n\t\t\t\t<div class=\"elementor-widget-container\">\n\t\t\t\t\t<h3 class=\"elementor-heading-title elementor-size-default\">Partido de Estrellas<\/h3>\t\t\t\t<\/div>\n\t\t\t\t<\/div>\n\t\t\t\t<\/div>\n\t\t\t\t\t<\/div>\n\t\t\t\t<\/div>\n\t\t<div class=\"elementor-element elementor-element-0370013 e-flex e-con-boxed e-con e-parent\" data-id=\"0370013\" data-element_type=\"container\" data-e-type=\"container\" data-settings=\"{&quot;background_background&quot;:&quot;classic&quot;}\">\n\t\t\t\t\t<div class=\"e-con-inner\">\n\t\t<div class=\"elementor-element elementor-element-e89b45b e-con-full e-flex e-con e-child\" data-id=\"e89b45b\" data-element_type=\"container\" data-e-type=\"container\">\n\t\t\t\t<div class=\"elementor-element elementor-element-b6e45b5 elementor-widget elementor-widget-image\" data-id=\"b6e45b5\" data-element_type=\"widget\" data-e-type=\"widget\" data-widget_type=\"image.default\">\n\t\t\t\t<div class=\"elementor-widget-container\">\n\t\t\t\t\t\t\t\t\t\t\t\t\t\t\t<img fetchpriority=\"high\" decoding=\"async\" width=\"1024\" height=\"1024\" src=\"https:\/\/imaginecupnic.org\/wp-content\/uploads\/2024\/08\/WhatsApp-Image-2024-07-31-at-11.28.06-AM-1024x1024.jpeg\" class=\"attachment-large size-large wp-image-3606\" alt=\"\" srcset=\"https:\/\/imaginecupnic.org\/wp-content\/uploads\/2024\/08\/WhatsApp-Image-2024-07-31-at-11.28.06-AM-1024x1024.jpeg 1024w, https:\/\/imaginecupnic.org\/wp-content\/uploads\/2024\/08\/WhatsApp-Image-2024-07-31-at-11.28.06-AM-300x300.jpeg 300w, https:\/\/imaginecupnic.org\/wp-content\/uploads\/2024\/08\/WhatsApp-Image-2024-07-31-at-11.28.06-AM-150x150.jpeg 150w, https:\/\/imaginecupnic.org\/wp-content\/uploads\/2024\/08\/WhatsApp-Image-2024-07-31-at-11.28.06-AM-768x768.jpeg 768w, https:\/\/imaginecupnic.org\/wp-content\/uploads\/2024\/08\/WhatsApp-Image-2024-07-31-at-11.28.06-AM-12x12.jpeg 12w, https:\/\/imaginecupnic.org\/wp-content\/uploads\/2024\/08\/WhatsApp-Image-2024-07-31-at-11.28.06-AM.jpeg 1080w\" sizes=\"(max-width: 1024px) 100vw, 1024px\" \/>\t\t\t\t\t\t\t\t\t\t\t\t\t\t\t<\/div>\n\t\t\t\t<\/div>\n\t\t\t\t<\/div>\n\t\t\t\t\t<\/div>\n\t\t\t\t<\/div>\n\t\t<div class=\"elementor-element elementor-element-915225b e-flex e-con-boxed e-con e-parent\" data-id=\"915225b\" data-element_type=\"container\" data-e-type=\"container\" data-settings=\"{&quot;background_background&quot;:&quot;classic&quot;}\">\n\t\t\t\t\t<div class=\"e-con-inner\">\n\t\t\t\t<div class=\"elementor-element elementor-element-6e39252 elementor-widget elementor-widget-heading\" data-id=\"6e39252\" data-element_type=\"widget\" data-e-type=\"widget\" data-widget_type=\"heading.default\">\n\t\t\t\t<div class=\"elementor-widget-container\">\n\t\t\t\t\t<h2 class=\"elementor-heading-title elementor-size-default\">Partido de Estrellas<\/h2>\t\t\t\t<\/div>\n\t\t\t\t<\/div>\n\t\t\t\t<div class=\"elementor-element elementor-element-5873f7d elementor-widget elementor-widget-text-editor\" data-id=\"5873f7d\" data-element_type=\"widget\" data-e-type=\"widget\" data-widget_type=\"text-editor.default\">\n\t\t\t\t<div class=\"elementor-widget-container\">\n\t\t\t\t\t\t\t\t\t<p><span style=\"font-weight: 400;\">El Partido de Estrellas de Imagine Cup fue el primer evento de la asociaci\u00f3n de desarrollo de atletas nicarag\u00fcenses entre Imagine Cup y Rancho Santana FC. Los 18 mejores jugadores de la segunda edici\u00f3n de la Imagine Cup ser\u00edan seleccionados para representar a los Imagine Cup All-Stars en un partido contra el equipo juvenil de Rancho Santana, en otra oportunidad para mostrar sus habilidades frente a cazatalentos y directores de primera divisi\u00f3n.\u00a0\u00a0<\/span><\/p><p><span style=\"font-weight: 400;\">De acuerdo con la misi\u00f3n de Imagine Cup de proporcionar a los participantes acceso al f\u00fatbol profesional, y gracias a los patrocinadores, Imagine Cup se encarg\u00f3 de todos los gastos (transporte, hidrataci\u00f3n, comida y uniformes), para que los jugadores pudieran concentrarse plenamente en su rendimiento. Adem\u00e1s, los dos mejores entrenadores de la Copa tambi\u00e9n fueron seleccionados para representar a Imagine Cup en un rol de gesti\u00f3n, y todos sus gastos tambi\u00e9n fueron cubiertos.\u00a0\u00a0<\/span><\/p><p><span style=\"font-weight: 400;\">La semana antes del Partido de las Estrellas, los fundadores y entrenadores organizaron un partido amistoso como preparaci\u00f3n para el juego. El objetivo del amistoso era fomentar la qu\u00edmica entre los jugadores y reforzar la pr\u00e1ctica, para que los jugadores pudieran mostrar su mejor versi\u00f3n frente a los cazatalentos y directores del Rancho Santana FC.\u00a0<\/span><\/p><p><span style=\"font-weight: 400;\">A pesar de que el Partido de Estrellas termin\u00f3 en una ajustada derrota de 2-1, nuestros jugadores vivieron una experiencia que nunca olvidar\u00e1n. Los participantes pudieron saborear lo que es jugar al f\u00fatbol de manera profesional, pero, lo m\u00e1s importante, hicieron amigos para toda la vida.\u00a0<\/span><\/p><p><span style=\"font-weight: 400;\">Tambi\u00e9n felicitamos a Frederick Garc\u00eda y Enoc Alvarado, quienes, gracias a su desempe\u00f1o en el Partido de Estrellas, fueron invitados a pruebas con Rancho Santana FC.\u00a0<\/span><\/p>\t\t\t\t\t\t\t\t<\/div>\n\t\t\t\t<\/div>\n\t\t\t\t\t<\/div>\n\t\t\t\t<\/div>\n\t\t<div class=\"elementor-element elementor-element-cfdcd1c e-flex e-con-boxed e-con e-parent\" data-id=\"cfdcd1c\" data-element_type=\"container\" data-e-type=\"container\" data-settings=\"{&quot;background_background&quot;:&quot;classic&quot;}\">\n\t\t\t\t\t<div class=\"e-con-inner\">\n\t\t<div class=\"elementor-element elementor-element-fa86ebe e-con-full e-flex e-con e-child\" data-id=\"fa86ebe\" data-element_type=\"container\" data-e-type=\"container\">\n\t\t\t\t<div class=\"elementor-element elementor-element-7e94344 elementor-widget elementor-widget-image\" data-id=\"7e94344\" data-element_type=\"widget\" data-e-type=\"widget\" data-widget_type=\"image.default\">\n\t\t\t\t<div class=\"elementor-widget-container\">\n\t\t\t\t\t\t\t\t\t\t\t\t\t\t\t<img decoding=\"async\" width=\"1024\" height=\"1024\" src=\"https:\/\/imaginecupnic.org\/wp-content\/uploads\/2024\/08\/WhatsApp-Image-2024-07-31-at-11.28.32-AM-1024x1024.jpeg\" class=\"attachment-large size-large wp-image-3607\" alt=\"\" srcset=\"https:\/\/imaginecupnic.org\/wp-content\/uploads\/2024\/08\/WhatsApp-Image-2024-07-31-at-11.28.32-AM-1024x1024.jpeg 1024w, https:\/\/imaginecupnic.org\/wp-content\/uploads\/2024\/08\/WhatsApp-Image-2024-07-31-at-11.28.32-AM-300x300.jpeg 300w, https:\/\/imaginecupnic.org\/wp-content\/uploads\/2024\/08\/WhatsApp-Image-2024-07-31-at-11.28.32-AM-150x150.jpeg 150w, https:\/\/imaginecupnic.org\/wp-content\/uploads\/2024\/08\/WhatsApp-Image-2024-07-31-at-11.28.32-AM-768x768.jpeg 768w, https:\/\/imaginecupnic.org\/wp-content\/uploads\/2024\/08\/WhatsApp-Image-2024-07-31-at-11.28.32-AM-12x12.jpeg 12w, https:\/\/imaginecupnic.org\/wp-content\/uploads\/2024\/08\/WhatsApp-Image-2024-07-31-at-11.28.32-AM.jpeg 1080w\" sizes=\"(max-width: 1024px) 100vw, 1024px\" \/>\t\t\t\t\t\t\t\t\t\t\t\t\t\t\t<\/div>\n\t\t\t\t<\/div>\n\t\t\t\t<\/div>\n\t\t<div class=\"elementor-element elementor-element-0f09de7 e-con-full e-flex e-con e-child\" data-id=\"0f09de7\" data-element_type=\"container\" data-e-type=\"container\">\n\t\t\t\t<div class=\"elementor-element elementor-element-4df499a elementor-widget elementor-widget-heading\" data-id=\"4df499a\" data-element_type=\"widget\" data-e-type=\"widget\" data-widget_type=\"heading.default\">\n\t\t\t\t<div class=\"elementor-widget-container\">\n\t\t\t\t\t<h2 class=\"elementor-heading-title elementor-size-default\">Equipo de las Estrellas:<\/h2>\t\t\t\t<\/div>\n\t\t\t\t<\/div>\n\t\t\t\t<div class=\"elementor-element elementor-element-62f3ee9 elementor-widget elementor-widget-text-editor\" data-id=\"62f3ee9\" data-element_type=\"widget\" data-e-type=\"widget\" data-widget_type=\"text-editor.default\">\n\t\t\t\t<div class=\"elementor-widget-container\">\n\t\t\t\t\t\t\t\t\t<p><strong>Personal:<\/strong><\/p><p><span style=\"font-weight: 400;\">Entrenador Principal | Christopher Calero = (CD El Chante)<\/span><\/p><p><span style=\"font-weight: 400;\">Entrenador Asistente | Pavel Paiz (Academia de F\u00fatbol Infantil FFN)<\/span><\/p>\t\t\t\t\t\t\t\t<\/div>\n\t\t\t\t<\/div>\n\t\t\t\t<div class=\"elementor-element elementor-element-516d10f elementor-widget elementor-widget-heading\" data-id=\"516d10f\" data-element_type=\"widget\" data-e-type=\"widget\" data-widget_type=\"heading.default\">\n\t\t\t\t<div class=\"elementor-widget-container\">\n\t\t\t\t\t<h2 class=\"elementor-heading-title elementor-size-default\">PLAYERS:<\/h2>\t\t\t\t<\/div>\n\t\t\t\t<\/div>\n\t\t\t\t<div class=\"elementor-element elementor-element-484242a elementor-widget elementor-widget-text-editor\" data-id=\"484242a\" data-element_type=\"widget\" data-e-type=\"widget\" data-widget_type=\"text-editor.default\">\n\t\t\t\t<div class=\"elementor-widget-container\">\n\t\t\t\t\t\t\t\t\t<ul><li><span style=\"font-weight: 400;\">Ander Duarte | CD El Chante<\/span><\/li><li><span style=\"font-weight: 400;\">Brayton Centeno | ACG Academy<\/span><\/li><li><span style=\"font-weight: 400;\">Eddy Reyes | Academia Los Lobos<\/span><\/li><li><span style=\"font-weight: 400;\">Franklin Freminio | CD El Chante<\/span><\/li><li><span style=\"font-weight: 400;\">Ariel Espinoza | CD El Chante<\/span><\/li><li><span style=\"font-weight: 400;\">Alvaro Chacon | Academia Los Lobos<\/span><\/li><li><span style=\"font-weight: 400;\">Obed Rivera | Academia Futbol Infantil FFN<\/span><\/li><li><span style=\"font-weight: 400;\">Frederick Garcia | CD El Chante<\/span><\/li><li><span style=\"font-weight: 400;\">Moises Morgan | CD El Chante<\/span><\/li><li><span style=\"font-weight: 400;\">Jasser Guerrero | Academia Futbol Infantil FFN<\/span><\/li><li><span style=\"font-weight: 400;\">Enoc Alvarado | CD El Chante<\/span><\/li><li><span style=\"font-weight: 400;\">Roberto Sanchez | Academia El Crucero<\/span><\/li><li><span style=\"font-weight: 400;\">Dowson Morales | Academia Los Lobos<\/span><\/li><li><span style=\"font-weight: 400;\">Erick Reyes | Academia Futbol Infantil FFN<\/span><\/li><\/ul>\t\t\t\t\t\t\t\t<\/div>\n\t\t\t\t<\/div>\n\t\t\t\t<\/div>\n\t\t\t\t\t<\/div>\n\t\t\t\t<\/div>\n\t\t\t\t<\/div>","protected":false},"excerpt":{"rendered":"<p>All Star Match All Star Match The Imagine Cup All Star Match was the first event of the Imagine Cup and Rancho Santana FC Nicaraguan athlete development partnership. The 18 best players of the second edition of the Imagine Cup would be selected to represent the Imagine Cup All-Stars in a match against Rancho Satana\u2019s [&hellip;]<\/p>\n","protected":false},"author":1,"featured_media":0,"parent":0,"menu_order":0,"comment_status":"closed","ping_status":"closed","template":"","meta":{"site-sidebar-layout":"no-sidebar","site-content-layout":"page-builder","ast-site-content-layout":"default","site-content-style":"default","site-sidebar-style":"default","ast-global-header-display":"","ast-banner-title-visibility":"","ast-main-header-display":"","ast-hfb-above-header-display":"","ast-hfb-below-header-display":"","ast-hfb-mobile-header-display":"","site-post-title":"disabled","ast-breadcrumbs-content":"","ast-featured-img":"disabled","footer-sml-layout":"","ast-disable-related-posts":"","theme-transparent-header-meta":"","adv-header-id-meta":"","stick-header-meta":"","header-above-stick-meta":"","header-main-stick-meta":"","header-below-stick-meta":"","astra-migrate-meta-layouts":"default","ast-page-background-enabled":"default","ast-page-background-meta":{"desktop":{"background-color":"","background-image":"","background-repeat":"repeat","background-position":"center center","background-size":"auto","background-attachment":"scroll","background-type":"","background-media":"","overlay-type":"","overlay-color":"","overlay-opacity":"","overlay-gradient":""},"tablet":{"background-color":"","background-image":"","background-repeat":"repeat","background-position":"center center","background-size":"auto","background-attachment":"scroll","background-type":"","background-media":"","overlay-type":"","overlay-color":"","overlay-opacity":"","overlay-gradient":""},"mobile":{"background-color":"","background-image":"","background-repeat":"repeat","background-position":"center center","background-size":"auto","background-attachment":"scroll","background-type":"","background-media":"","overlay-type":"","overlay-color":"","overlay-opacity":"","overlay-gradient":""}},"ast-content-background-meta":{"desktop":{"background-color":"var(--ast-global-color-5)","background-image":"","background-repeat":"repeat","background-position":"center center","background-size":"auto","background-attachment":"scroll","background-type":"","background-media":"","overlay-type":"","overlay-color":"","overlay-opacity":"","overlay-gradient":""},"tablet":{"background-color":"var(--ast-global-color-5)","background-image":"","background-repeat":"repeat","background-position":"center center","background-size":"auto","background-attachment":"scroll","background-type":"","background-media":"","overlay-type":"","overlay-color":"","overlay-opacity":"","overlay-gradient":""},"mobile":{"background-color":"var(--ast-global-color-5)","background-image":"","background-repeat":"repeat","background-position":"center center","background-size":"auto","background-attachment":"scroll","background-type":"","background-media":"","overlay-type":"","overlay-color":"","overlay-opacity":"","overlay-gradient":""}},"footnotes":""},"class_list":["post-3282","page","type-page","status-publish","hentry"],"_links":{"self":[{"href":"https:\/\/imaginecupnic.org\/es\/wp-json\/wp\/v2\/pages\/3282","targetHints":{"allow":["GET"]}}],"collection":[{"href":"https:\/\/imaginecupnic.org\/es\/wp-json\/wp\/v2\/pages"}],"about":[{"href":"https:\/\/imaginecupnic.org\/es\/wp-json\/wp\/v2\/types\/page"}],"author":[{"embeddable":true,"href":"https:\/\/imaginecupnic.org\/es\/wp-json\/wp\/v2\/users\/1"}],"replies":[{"embeddable":true,"href":"https:\/\/imaginecupnic.org\/es\/wp-json\/wp\/v2\/comments?post=3282"}],"version-history":[{"count":112,"href":"https:\/\/imaginecupnic.org\/es\/wp-json\/wp\/v2\/pages\/3282\/revisions"}],"predecessor-version":[{"id":3938,"href":"https:\/\/imaginecupnic.org\/es\/wp-json\/wp\/v2\/pages\/3282\/revisions\/3938"}],"wp:attachment":[{"href":"https:\/\/imaginecupnic.org\/es\/wp-json\/wp\/v2\/media?parent=3282"}],"curies":[{"name":"wp","href":"https:\/\/api.w.org\/{rel}","templated":true}]}}