{"id":3272,"date":"2024-07-29T16:56:27","date_gmt":"2024-07-29T16:56:27","guid":{"rendered":"https:\/\/imaginecupnic.org\/?page_id=3272"},"modified":"2024-08-06T18:32:15","modified_gmt":"2024-08-06T18:32:15","slug":"first-edition","status":"publish","type":"page","link":"https:\/\/imaginecupnic.org\/es\/first-edition\/","title":{"rendered":"PRIMERA EDICI\u00d3N"},"content":{"rendered":"<div data-elementor-type=\"wp-post\" data-elementor-id=\"3272\" class=\"elementor elementor-3272\" data-elementor-post-type=\"page\">\n\t\t\t\t<div class=\"elementor-element elementor-element-043aa3f e-flex e-con-boxed e-con e-parent\" data-id=\"043aa3f\" data-element_type=\"container\" data-e-type=\"container\" data-settings=\"{&quot;background_background&quot;:&quot;classic&quot;}\">\n\t\t\t\t\t<div class=\"e-con-inner\">\n\t\t<div class=\"elementor-element elementor-element-b254a71 e-con-full e-flex e-con e-child\" data-id=\"b254a71\" data-element_type=\"container\" data-e-type=\"container\">\n\t\t\t\t<div class=\"elementor-element elementor-element-e9dcd07 animated-fast elementor-invisible elementor-widget elementor-widget-heading\" data-id=\"e9dcd07\" data-element_type=\"widget\" data-e-type=\"widget\" data-settings=\"{&quot;_animation&quot;:&quot;fadeIn&quot;}\" data-widget_type=\"heading.default\">\n\t\t\t\t<div class=\"elementor-widget-container\">\n\t\t\t\t\t<h3 class=\"elementor-heading-title elementor-size-default\">PRIMERA EDICI\u00d3N<\/h3>\t\t\t\t<\/div>\n\t\t\t\t<\/div>\n\t\t\t\t<\/div>\n\t\t\t\t\t<\/div>\n\t\t\t\t<\/div>\n\t\t<div class=\"elementor-element elementor-element-475c6ef e-flex e-con-boxed e-con e-parent\" data-id=\"475c6ef\" data-element_type=\"container\" data-e-type=\"container\" data-settings=\"{&quot;background_background&quot;:&quot;classic&quot;}\">\n\t\t\t\t\t<div class=\"e-con-inner\">\n\t\t<div class=\"elementor-element elementor-element-6cfead6 e-con-full e-flex e-con e-child\" data-id=\"6cfead6\" data-element_type=\"container\" data-e-type=\"container\">\n\t\t\t\t<div class=\"elementor-element elementor-element-244106c elementor-widget elementor-widget-image\" data-id=\"244106c\" data-element_type=\"widget\" data-e-type=\"widget\" data-widget_type=\"image.default\">\n\t\t\t\t<div class=\"elementor-widget-container\">\n\t\t\t\t\t\t\t\t\t\t\t\t\t\t\t<img fetchpriority=\"high\" decoding=\"async\" width=\"767\" height=\"1024\" src=\"https:\/\/imaginecupnic.org\/wp-content\/uploads\/2024\/08\/WhatsApp-Image-2024-07-31-at-11.29.32-AM-3-767x1024.jpeg\" class=\"attachment-large size-large wp-image-3640\" alt=\"\" srcset=\"https:\/\/imaginecupnic.org\/wp-content\/uploads\/2024\/08\/WhatsApp-Image-2024-07-31-at-11.29.32-AM-3-767x1024.jpeg 767w, https:\/\/imaginecupnic.org\/wp-content\/uploads\/2024\/08\/WhatsApp-Image-2024-07-31-at-11.29.32-AM-3-225x300.jpeg 225w, https:\/\/imaginecupnic.org\/wp-content\/uploads\/2024\/08\/WhatsApp-Image-2024-07-31-at-11.29.32-AM-3-768x1025.jpeg 768w, https:\/\/imaginecupnic.org\/wp-content\/uploads\/2024\/08\/WhatsApp-Image-2024-07-31-at-11.29.32-AM-3-9x12.jpeg 9w, https:\/\/imaginecupnic.org\/wp-content\/uploads\/2024\/08\/WhatsApp-Image-2024-07-31-at-11.29.32-AM-3.jpeg 959w\" sizes=\"(max-width: 767px) 100vw, 767px\" \/>\t\t\t\t\t\t\t\t\t\t\t\t\t\t\t<\/div>\n\t\t\t\t<\/div>\n\t\t\t\t<\/div>\n\t\t<div class=\"elementor-element elementor-element-0d2b776 e-con-full e-flex e-con e-child\" data-id=\"0d2b776\" data-element_type=\"container\" data-e-type=\"container\">\n\t\t\t\t<div class=\"elementor-element elementor-element-06b3c25 elementor-widget elementor-widget-heading\" data-id=\"06b3c25\" data-element_type=\"widget\" data-e-type=\"widget\" data-widget_type=\"heading.default\">\n\t\t\t\t<div class=\"elementor-widget-container\">\n\t\t\t\t\t<h2 class=\"elementor-heading-title elementor-size-default\">PRIMERA EDICI\u00d3N<\/h2>\t\t\t\t<\/div>\n\t\t\t\t<\/div>\n\t\t\t\t<div class=\"elementor-element elementor-element-6c0c769 elementor-widget elementor-widget-text-editor\" data-id=\"6c0c769\" data-element_type=\"widget\" data-e-type=\"widget\" data-widget_type=\"text-editor.default\">\n\t\t\t\t<div class=\"elementor-widget-container\">\n\t\t\t\t\t\t\t\t\t<p><span style=\"font-weight: 400;\">La primera edici\u00f3n de la Imagine Cup tuvo lugar a finales de 2022, bajo el nombre de <\/span><i><span style=\"font-weight: 400;\">Copa Roma-Claro. <\/span><\/i><span style=\"font-weight: 400;\">La liga de un mes consisti\u00f3 en 8 equipos y 96 atletas, en su mayor\u00eda de Managua, la capital de Nicaragua. La copa cobr\u00f3 vida cuando la b\u00fasqueda de torneos nacionales por parte de nuestros fundadores revel\u00f3 la necesidad de m\u00e1s oportunidades para que los j\u00f3venes jueguen al f\u00fatbol en Nicaragua. No solo eran raros los torneos, sino tambi\u00e9n costosos, lo que limitaba la participaci\u00f3n. Por eso, gracias a nuestros fundadores y patrocinadores, la primera edici\u00f3n de la Imagine Cup fue completamente gratuita para los participantes. Todos los gastos, como el alquiler de los campos, el salario de los \u00e1rbitros y la hidrataci\u00f3n, fueron cubiertos para que nuestros atletas pudieran centrarse en lo m\u00e1s importante: disfrutar jugando al f\u00fatbol.<\/span><\/p>\t\t\t\t\t\t\t\t<\/div>\n\t\t\t\t<\/div>\n\t\t\t\t<\/div>\n\t\t\t\t\t<\/div>\n\t\t\t\t<\/div>\n\t\t<div class=\"elementor-element elementor-element-b2defbe e-con-full e-flex e-con e-parent\" data-id=\"b2defbe\" data-element_type=\"container\" data-e-type=\"container\" data-settings=\"{&quot;background_background&quot;:&quot;classic&quot;}\">\n\t\t<div class=\"elementor-element elementor-element-f2b74cc e-con-full e-flex e-con e-child\" data-id=\"f2b74cc\" data-element_type=\"container\" data-e-type=\"container\">\n\t\t\t\t<div class=\"elementor-element elementor-element-2e3f228 elementor-widget elementor-widget-heading\" data-id=\"2e3f228\" data-element_type=\"widget\" data-e-type=\"widget\" data-widget_type=\"heading.default\">\n\t\t\t\t<div class=\"elementor-widget-container\">\n\t\t\t\t\t<h2 class=\"elementor-heading-title elementor-size-default\">Los equipos participantes fueron:\n<\/h2>\t\t\t\t<\/div>\n\t\t\t\t<\/div>\n\t\t\t\t<div class=\"elementor-element elementor-element-342acb0 elementor-widget elementor-widget-text-editor\" data-id=\"342acb0\" data-element_type=\"widget\" data-e-type=\"widget\" data-widget_type=\"text-editor.default\">\n\t\t\t\t<div class=\"elementor-widget-container\">\n\t\t\t\t\t\t\t\t\t<ul><li><span style=\"font-weight: 400;\">Zona Deportiva<\/span><\/li><li><span style=\"font-weight: 400;\">Leones FC<\/span><\/li><li><span style=\"font-weight: 400;\">FC Santa Elena<\/span><\/li><li><span style=\"font-weight: 400;\">Academia Cristiana de Futbol<\/span><\/li><li><span style=\"font-weight: 400;\">CF Internazionale\u00a0<\/span><\/li><li><span style=\"font-weight: 400;\">Deportivo Las Colinas\u00a0<\/span><\/li><li><span style=\"font-weight: 400;\">FC Rav Boy\u00a0<\/span><\/li><li><span style=\"font-weight: 400;\">Academia Los Lobos<\/span><\/li><\/ul>\t\t\t\t\t\t\t\t<\/div>\n\t\t\t\t<\/div>\n\t\t\t\t<\/div>\n\t\t<div class=\"elementor-element elementor-element-4aa1567 e-con-full e-flex e-con e-child\" data-id=\"4aa1567\" data-element_type=\"container\" data-e-type=\"container\">\n\t\t\t\t<div class=\"elementor-element elementor-element-a62c300 elementor-widget elementor-widget-heading\" data-id=\"a62c300\" data-element_type=\"widget\" data-e-type=\"widget\" data-widget_type=\"heading.default\">\n\t\t\t\t<div class=\"elementor-widget-container\">\n\t\t\t\t\t<h2 class=\"elementor-heading-title elementor-size-default\">Detalles:\n<\/h2>\t\t\t\t<\/div>\n\t\t\t\t<\/div>\n\t\t\t\t<div class=\"elementor-element elementor-element-9b35ece elementor-widget elementor-widget-text-editor\" data-id=\"9b35ece\" data-element_type=\"widget\" data-e-type=\"widget\" data-widget_type=\"text-editor.default\">\n\t\t\t\t<div class=\"elementor-widget-container\">\n\t\t\t\t\t\t\t\t\t<p><span style=\"font-weight: 400;\">Los partidos constaban de dos tiempos de 20 minutos cada uno, con un descanso de 5 minutos entre ambos. Los equipos pod\u00edan tener un m\u00e1ximo de 6 jugadores en el campo al mismo tiempo, incluyendo al portero; sin embargo, pod\u00edan contar con 6 jugadores adicionales en el banquillo. La liga era exclusivamente para atletas menores de 18 a\u00f1os, y los directores realizaron una investigaci\u00f3n exhaustiva de cada equipo para garantizar que se respetaran los l\u00edmites de edad.\u00a0<\/span><\/p><p><span style=\"font-weight: 400;\">Los equipos se dividieron en dos grupos de cuatro. Tras una breve fase de grupos, los dos mejores equipos de cada grupo se clasificaron para las etapas de eliminaci\u00f3n directa. <\/span><\/p>\t\t\t\t\t\t\t\t<\/div>\n\t\t\t\t<\/div>\n\t\t\t\t<\/div>\n\t\t\t\t<\/div>\n\t\t<div class=\"elementor-element elementor-element-f2ff615 e-flex e-con-boxed e-con e-parent\" data-id=\"f2ff615\" data-element_type=\"container\" data-e-type=\"container\" data-settings=\"{&quot;background_background&quot;:&quot;classic&quot;}\">\n\t\t\t\t\t<div class=\"e-con-inner\">\n\t\t\t\t<div class=\"elementor-element elementor-element-aca931f elementor-widget elementor-widget-heading\" data-id=\"aca931f\" data-element_type=\"widget\" data-e-type=\"widget\" data-widget_type=\"heading.default\">\n\t\t\t\t<div class=\"elementor-widget-container\">\n\t\t\t\t\t<h2 class=\"elementor-heading-title elementor-size-default\">Resultados<\/h2>\t\t\t\t<\/div>\n\t\t\t\t<\/div>\n\t\t\t\t\t<\/div>\n\t\t\t\t<\/div>\n\t\t<div class=\"elementor-element elementor-element-d2626d3 e-flex e-con-boxed e-con e-parent\" data-id=\"d2626d3\" data-element_type=\"container\" data-e-type=\"container\" data-settings=\"{&quot;background_background&quot;:&quot;classic&quot;}\">\n\t\t\t\t\t<div class=\"e-con-inner\">\n\t\t<div class=\"elementor-element elementor-element-cf89306 e-con-full e-flex e-con e-child\" data-id=\"cf89306\" data-element_type=\"container\" data-e-type=\"container\">\n\t\t\t\t<div class=\"elementor-element elementor-element-e2c918b elementor-widget elementor-widget-image\" data-id=\"e2c918b\" data-element_type=\"widget\" data-e-type=\"widget\" data-widget_type=\"image.default\">\n\t\t\t\t<div class=\"elementor-widget-container\">\n\t\t\t\t\t\t\t\t\t\t\t\t\t\t\t<img decoding=\"async\" width=\"768\" height=\"1024\" src=\"https:\/\/imaginecupnic.org\/wp-content\/uploads\/2024\/08\/WhatsApp-Image-2024-07-31-at-11.29.32-AM-1.jpeg\" class=\"attachment-large size-large wp-image-3629\" alt=\"\" srcset=\"https:\/\/imaginecupnic.org\/wp-content\/uploads\/2024\/08\/WhatsApp-Image-2024-07-31-at-11.29.32-AM-1.jpeg 768w, https:\/\/imaginecupnic.org\/wp-content\/uploads\/2024\/08\/WhatsApp-Image-2024-07-31-at-11.29.32-AM-1-225x300.jpeg 225w, https:\/\/imaginecupnic.org\/wp-content\/uploads\/2024\/08\/WhatsApp-Image-2024-07-31-at-11.29.32-AM-1-9x12.jpeg 9w\" sizes=\"(max-width: 768px) 100vw, 768px\" \/>\t\t\t\t\t\t\t\t\t\t\t\t\t\t\t<\/div>\n\t\t\t\t<\/div>\n\t\t\t\t<\/div>\n\t\t<div class=\"elementor-element elementor-element-b736d35 e-con-full e-flex e-con e-child\" data-id=\"b736d35\" data-element_type=\"container\" data-e-type=\"container\">\n\t\t\t\t<div class=\"elementor-element elementor-element-e8c66ee elementor-widget elementor-widget-text-editor\" data-id=\"e8c66ee\" data-element_type=\"widget\" data-e-type=\"widget\" data-widget_type=\"text-editor.default\">\n\t\t\t\t<div class=\"elementor-widget-container\">\n\t\t\t\t\t\t\t\t\t<p><span style=\"font-weight: 400;\"><strong>Campiones<\/strong> FC Rav Boy\u00a0<\/span><\/p><p><span style=\"font-weight: 400;\"><strong>Subcampeones:<\/strong> Academia Los Lobos<\/span><\/p><p><span style=\"font-weight: 400;\"><strong>Tercer Lugar<\/strong> Academia Cristiana de Futbol\u00a0<\/span><\/p><p><span style=\"font-weight: 400;\"><strong>Top Scorer:<\/strong> H\u00e9ctor Murillo \u2013 FC Rav Boy (10 goles) No incluye partidos de eliminaci\u00f3n directa<\/span><\/p><p><span style=\"font-weight: 400;\"><strong>Mejor Portero:<\/strong> Fernando Cort\u00e9s \u2013 CF Internazionale (2.6 goles permitidos por partido) No incluye partidos de eliminaci\u00f3n directa<\/span><\/p><p><span style=\"font-weight: 400;\">Se anotaron un total de 111 goles a lo largo del torneo, con solo 2 tarjetas rojas, lo que demuestra que fue una liga intensa pero justa. <\/span><\/p>\t\t\t\t\t\t\t\t<\/div>\n\t\t\t\t<\/div>\n\t\t\t\t<\/div>\n\t\t\t\t\t<\/div>\n\t\t\t\t<\/div>\n\t\t\t\t<\/div>","protected":false},"excerpt":{"rendered":"<p>First Edition First Edition The first edition of the Imagine Cup took place in late 2022, under the name of Copa Roma-Claro. The month-long league consisted of 8 teams and 96 athletes mostly from Managua, capital of Nicaragua. The cup came to life when our founders&#8217; search for national tournaments exposed the need for more [&hellip;]<\/p>\n","protected":false},"author":1,"featured_media":0,"parent":0,"menu_order":0,"comment_status":"closed","ping_status":"closed","template":"","meta":{"site-sidebar-layout":"no-sidebar","site-content-layout":"page-builder","ast-site-content-layout":"default","site-content-style":"default","site-sidebar-style":"default","ast-global-header-display":"","ast-banner-title-visibility":"","ast-main-header-display":"","ast-hfb-above-header-display":"","ast-hfb-below-header-display":"","ast-hfb-mobile-header-display":"","site-post-title":"disabled","ast-breadcrumbs-content":"","ast-featured-img":"disabled","footer-sml-layout":"","ast-disable-related-posts":"","theme-transparent-header-meta":"","adv-header-id-meta":"","stick-header-meta":"","header-above-stick-meta":"","header-main-stick-meta":"","header-below-stick-meta":"","astra-migrate-meta-layouts":"default","ast-page-background-enabled":"default","ast-page-background-meta":{"desktop":{"background-color":"","background-image":"","background-repeat":"repeat","background-position":"center center","background-size":"auto","background-attachment":"scroll","background-type":"","background-media":"","overlay-type":"","overlay-color":"","overlay-opacity":"","overlay-gradient":""},"tablet":{"background-color":"","background-image":"","background-repeat":"repeat","background-position":"center center","background-size":"auto","background-attachment":"scroll","background-type":"","background-media":"","overlay-type":"","overlay-color":"","overlay-opacity":"","overlay-gradient":""},"mobile":{"background-color":"","background-image":"","background-repeat":"repeat","background-position":"center center","background-size":"auto","background-attachment":"scroll","background-type":"","background-media":"","overlay-type":"","overlay-color":"","overlay-opacity":"","overlay-gradient":""}},"ast-content-background-meta":{"desktop":{"background-color":"var(--ast-global-color-5)","background-image":"","background-repeat":"repeat","background-position":"center center","background-size":"auto","background-attachment":"scroll","background-type":"","background-media":"","overlay-type":"","overlay-color":"","overlay-opacity":"","overlay-gradient":""},"tablet":{"background-color":"var(--ast-global-color-5)","background-image":"","background-repeat":"repeat","background-position":"center center","background-size":"auto","background-attachment":"scroll","background-type":"","background-media":"","overlay-type":"","overlay-color":"","overlay-opacity":"","overlay-gradient":""},"mobile":{"background-color":"var(--ast-global-color-5)","background-image":"","background-repeat":"repeat","background-position":"center center","background-size":"auto","background-attachment":"scroll","background-type":"","background-media":"","overlay-type":"","overlay-color":"","overlay-opacity":"","overlay-gradient":""}},"footnotes":""},"class_list":["post-3272","page","type-page","status-publish","hentry"],"_links":{"self":[{"href":"https:\/\/imaginecupnic.org\/es\/wp-json\/wp\/v2\/pages\/3272","targetHints":{"allow":["GET"]}}],"collection":[{"href":"https:\/\/imaginecupnic.org\/es\/wp-json\/wp\/v2\/pages"}],"about":[{"href":"https:\/\/imaginecupnic.org\/es\/wp-json\/wp\/v2\/types\/page"}],"author":[{"embeddable":true,"href":"https:\/\/imaginecupnic.org\/es\/wp-json\/wp\/v2\/users\/1"}],"replies":[{"embeddable":true,"href":"https:\/\/imaginecupnic.org\/es\/wp-json\/wp\/v2\/comments?post=3272"}],"version-history":[{"count":85,"href":"https:\/\/imaginecupnic.org\/es\/wp-json\/wp\/v2\/pages\/3272\/revisions"}],"predecessor-version":[{"id":3896,"href":"https:\/\/imaginecupnic.org\/es\/wp-json\/wp\/v2\/pages\/3272\/revisions\/3896"}],"wp:attachment":[{"href":"https:\/\/imaginecupnic.org\/es\/wp-json\/wp\/v2\/media?parent=3272"}],"curies":[{"name":"wp","href":"https:\/\/api.w.org\/{rel}","templated":true}]}}