{"id":3111,"date":"2024-07-24T23:49:22","date_gmt":"2024-07-24T23:49:22","guid":{"rendered":"http:\/\/imaginecupnic.org\/?page_id=3111"},"modified":"2024-08-08T17:16:36","modified_gmt":"2024-08-08T17:16:36","slug":"imagine-cup-all-stars-everything-you-need-to-know","status":"publish","type":"page","link":"https:\/\/imaginecupnic.org\/es\/imagine-cup-all-stars-everything-you-need-to-know\/","title":{"rendered":"Imagine Cup All Stars: Todo lo que necesitas saber."},"content":{"rendered":"<div data-elementor-type=\"wp-post\" data-elementor-id=\"3111\" class=\"elementor elementor-3111\" data-elementor-post-type=\"page\">\n\t\t\t\t<div class=\"elementor-element elementor-element-1a197ef e-flex e-con-boxed e-con e-parent\" data-id=\"1a197ef\" data-element_type=\"container\" data-e-type=\"container\" data-settings=\"{&quot;background_background&quot;:&quot;classic&quot;}\">\n\t\t\t\t\t<div class=\"e-con-inner\">\n\t\t\t\t<div class=\"elementor-element elementor-element-caaba13 animated-fast elementor-invisible elementor-widget elementor-widget-heading\" data-id=\"caaba13\" data-element_type=\"widget\" data-e-type=\"widget\" data-settings=\"{&quot;_animation&quot;:&quot;fadeIn&quot;}\" data-widget_type=\"heading.default\">\n\t\t\t\t<div class=\"elementor-widget-container\">\n\t\t\t\t\t<h1 class=\"elementor-heading-title elementor-size-default\">NOTICIAS<\/h1>\t\t\t\t<\/div>\n\t\t\t\t<\/div>\n\t\t\t\t\t<\/div>\n\t\t\t\t<\/div>\n\t\t<div class=\"elementor-element elementor-element-738863c e-flex e-con-boxed e-con e-parent\" data-id=\"738863c\" data-element_type=\"container\" data-e-type=\"container\" data-settings=\"{&quot;background_background&quot;:&quot;classic&quot;}\">\n\t\t\t\t\t<div class=\"e-con-inner\">\n\t\t<div class=\"elementor-element elementor-element-173e592 e-con-full e-flex e-con e-child\" data-id=\"173e592\" data-element_type=\"container\" data-e-type=\"container\">\n\t\t\t\t<div class=\"elementor-element elementor-element-8043b69 animated-fast elementor-invisible elementor-widget elementor-widget-heading\" data-id=\"8043b69\" data-element_type=\"widget\" data-e-type=\"widget\" data-settings=\"{&quot;_animation&quot;:&quot;fadeIn&quot;}\" data-widget_type=\"heading.default\">\n\t\t\t\t<div class=\"elementor-widget-container\">\n\t\t\t\t\t<h1 class=\"elementor-heading-title elementor-size-default\">Imagine Cup All Stars: Todo lo que necesitas saber.<\/h1>\t\t\t\t<\/div>\n\t\t\t\t<\/div>\n\t\t\t\t<\/div>\n\t\t\t\t\t<\/div>\n\t\t\t\t<\/div>\n\t\t<div class=\"elementor-element elementor-element-d7f92f5 e-flex e-con-boxed e-con e-parent\" data-id=\"d7f92f5\" data-element_type=\"container\" data-e-type=\"container\" data-settings=\"{&quot;background_background&quot;:&quot;classic&quot;}\">\n\t\t\t\t\t<div class=\"e-con-inner\">\n\t\t\t\t<div class=\"elementor-element elementor-element-e831aad elementor-widget elementor-widget-image\" data-id=\"e831aad\" data-element_type=\"widget\" data-e-type=\"widget\" data-widget_type=\"image.default\">\n\t\t\t\t<div class=\"elementor-widget-container\">\n\t\t\t\t\t\t\t\t\t\t\t\t\t\t\t<img fetchpriority=\"high\" decoding=\"async\" width=\"1024\" height=\"1024\" src=\"https:\/\/imaginecupnic.org\/wp-content\/uploads\/2024\/08\/WhatsApp-Image-2024-07-31-at-11.28.06-AM-1024x1024.jpeg\" class=\"attachment-large size-large wp-image-3606\" alt=\"\" srcset=\"https:\/\/imaginecupnic.org\/wp-content\/uploads\/2024\/08\/WhatsApp-Image-2024-07-31-at-11.28.06-AM-1024x1024.jpeg 1024w, https:\/\/imaginecupnic.org\/wp-content\/uploads\/2024\/08\/WhatsApp-Image-2024-07-31-at-11.28.06-AM-300x300.jpeg 300w, https:\/\/imaginecupnic.org\/wp-content\/uploads\/2024\/08\/WhatsApp-Image-2024-07-31-at-11.28.06-AM-150x150.jpeg 150w, https:\/\/imaginecupnic.org\/wp-content\/uploads\/2024\/08\/WhatsApp-Image-2024-07-31-at-11.28.06-AM-768x768.jpeg 768w, https:\/\/imaginecupnic.org\/wp-content\/uploads\/2024\/08\/WhatsApp-Image-2024-07-31-at-11.28.06-AM-12x12.jpeg 12w, https:\/\/imaginecupnic.org\/wp-content\/uploads\/2024\/08\/WhatsApp-Image-2024-07-31-at-11.28.06-AM.jpeg 1080w\" sizes=\"(max-width: 1024px) 100vw, 1024px\" \/>\t\t\t\t\t\t\t\t\t\t\t\t\t\t\t<\/div>\n\t\t\t\t<\/div>\n\t\t\t\t<div class=\"elementor-element elementor-element-c702de4 elementor-widget elementor-widget-text-editor\" data-id=\"c702de4\" data-element_type=\"widget\" data-e-type=\"widget\" data-widget_type=\"text-editor.default\">\n\t\t\t\t<div class=\"elementor-widget-container\">\n\t\t\t\t\t\t\t\t\t<p><span style=\"font-weight: 400;\">El primer evento conjunto de la asociaci\u00f3n entre la Imagine Cup y el Rancho Santana FC ser\u00e1 el Partido de las Estrellas 2024. Los 18 mejores jugadores de la edici\u00f3n 2024 de la Imagine Cup viajaron al Campo FunLimon para enfrentarse al equipo juvenil del Rancho Santana FC, brindando otra oportunidad para demostrar sus habilidades frente a numerosos directores y cazatalentos del club.\u00a0<\/span><\/p><p><span style=\"font-weight: 400;\">La Imagine Cup no solo cubri\u00f3 los gastos de viaje para los 18 jugadores y dos entrenadores, sino que tambi\u00e9n les proporcion\u00f3 uniformes, hidrataci\u00f3n y comida, siguiendo su misi\u00f3n de ofrecer a sus participantes un camino hacia el f\u00fatbol profesional y una oportunidad para cumplir sus sue\u00f1os.\u00a0<\/span><\/p><p><span style=\"font-weight: 400;\">\u201cEstamos orgullosos de ofrecer a los jugadores otra oportunidad para demostrar sus habilidades y acercarse a sus sue\u00f1os,\u201d afirmaron Robert Matthews y Carlos Siero, fundadores de la Imagine Cup.\u00a0<\/span><\/p>\t\t\t\t\t\t\t\t<\/div>\n\t\t\t\t<\/div>\n\t\t\t\t\t<\/div>\n\t\t\t\t<\/div>\n\t\t\t\t<\/div>","protected":false},"excerpt":{"rendered":"<p>NEWS Imagine Cup All-Stars: Everything you need to know The first joint event of the Imagine Cup and Rancho Santana FC partnership will be the 2024 All-Stars Match. The best 18 players of the Imagine Cup 2024 edition traveled to FunLimon Field to face the Rancho Santana FC juvenile team, yet another opportunity to showcase [&hellip;]<\/p>\n","protected":false},"author":1,"featured_media":0,"parent":0,"menu_order":0,"comment_status":"closed","ping_status":"closed","template":"","meta":{"site-sidebar-layout":"no-sidebar","site-content-layout":"page-builder","ast-site-content-layout":"default","site-content-style":"default","site-sidebar-style":"default","ast-global-header-display":"","ast-banner-title-visibility":"","ast-main-header-display":"","ast-hfb-above-header-display":"","ast-hfb-below-header-display":"","ast-hfb-mobile-header-display":"","site-post-title":"disabled","ast-breadcrumbs-content":"","ast-featured-img":"disabled","footer-sml-layout":"","ast-disable-related-posts":"","theme-transparent-header-meta":"","adv-header-id-meta":"","stick-header-meta":"","header-above-stick-meta":"","header-main-stick-meta":"","header-below-stick-meta":"","astra-migrate-meta-layouts":"default","ast-page-background-enabled":"default","ast-page-background-meta":{"desktop":{"background-color":"","background-image":"","background-repeat":"repeat","background-position":"center center","background-size":"auto","background-attachment":"scroll","background-type":"","background-media":"","overlay-type":"","overlay-color":"","overlay-opacity":"","overlay-gradient":""},"tablet":{"background-color":"","background-image":"","background-repeat":"repeat","background-position":"center center","background-size":"auto","background-attachment":"scroll","background-type":"","background-media":"","overlay-type":"","overlay-color":"","overlay-opacity":"","overlay-gradient":""},"mobile":{"background-color":"","background-image":"","background-repeat":"repeat","background-position":"center center","background-size":"auto","background-attachment":"scroll","background-type":"","background-media":"","overlay-type":"","overlay-color":"","overlay-opacity":"","overlay-gradient":""}},"ast-content-background-meta":{"desktop":{"background-color":"var(--ast-global-color-5)","background-image":"","background-repeat":"repeat","background-position":"center center","background-size":"auto","background-attachment":"scroll","background-type":"","background-media":"","overlay-type":"","overlay-color":"","overlay-opacity":"","overlay-gradient":""},"tablet":{"background-color":"var(--ast-global-color-5)","background-image":"","background-repeat":"repeat","background-position":"center center","background-size":"auto","background-attachment":"scroll","background-type":"","background-media":"","overlay-type":"","overlay-color":"","overlay-opacity":"","overlay-gradient":""},"mobile":{"background-color":"var(--ast-global-color-5)","background-image":"","background-repeat":"repeat","background-position":"center center","background-size":"auto","background-attachment":"scroll","background-type":"","background-media":"","overlay-type":"","overlay-color":"","overlay-opacity":"","overlay-gradient":""}},"footnotes":""},"class_list":["post-3111","page","type-page","status-publish","hentry"],"_links":{"self":[{"href":"https:\/\/imaginecupnic.org\/es\/wp-json\/wp\/v2\/pages\/3111","targetHints":{"allow":["GET"]}}],"collection":[{"href":"https:\/\/imaginecupnic.org\/es\/wp-json\/wp\/v2\/pages"}],"about":[{"href":"https:\/\/imaginecupnic.org\/es\/wp-json\/wp\/v2\/types\/page"}],"author":[{"embeddable":true,"href":"https:\/\/imaginecupnic.org\/es\/wp-json\/wp\/v2\/users\/1"}],"replies":[{"embeddable":true,"href":"https:\/\/imaginecupnic.org\/es\/wp-json\/wp\/v2\/comments?post=3111"}],"version-history":[{"count":22,"href":"https:\/\/imaginecupnic.org\/es\/wp-json\/wp\/v2\/pages\/3111\/revisions"}],"predecessor-version":[{"id":3929,"href":"https:\/\/imaginecupnic.org\/es\/wp-json\/wp\/v2\/pages\/3111\/revisions\/3929"}],"wp:attachment":[{"href":"https:\/\/imaginecupnic.org\/es\/wp-json\/wp\/v2\/media?parent=3111"}],"curies":[{"name":"wp","href":"https:\/\/api.w.org\/{rel}","templated":true}]}}