{"id":3106,"date":"2024-07-24T23:48:09","date_gmt":"2024-07-24T23:48:09","guid":{"rendered":"http:\/\/imaginecupnic.org\/?page_id=3106"},"modified":"2024-08-08T17:16:11","modified_gmt":"2024-08-08T17:16:11","slug":"imagine-cup-partner-with-rancho-santana-fc-nicaraguan-first-division-team","status":"publish","type":"page","link":"https:\/\/imaginecupnic.org\/es\/imagine-cup-partner-with-rancho-santana-fc-nicaraguan-first-division-team\/","title":{"rendered":"Imagine Cup se asocia con Rancho Santana FC, un equipo de primera divisi\u00f3n nicarag\u00fcense."},"content":{"rendered":"<div data-elementor-type=\"wp-post\" data-elementor-id=\"3106\" class=\"elementor elementor-3106\" data-elementor-post-type=\"page\">\n\t\t\t\t<div class=\"elementor-element elementor-element-1a197ef e-flex e-con-boxed e-con e-parent\" data-id=\"1a197ef\" data-element_type=\"container\" data-e-type=\"container\" data-settings=\"{&quot;background_background&quot;:&quot;classic&quot;}\">\n\t\t\t\t\t<div class=\"e-con-inner\">\n\t\t\t\t<div class=\"elementor-element elementor-element-caaba13 animated-fast elementor-invisible elementor-widget elementor-widget-heading\" data-id=\"caaba13\" data-element_type=\"widget\" data-e-type=\"widget\" data-settings=\"{&quot;_animation&quot;:&quot;fadeIn&quot;}\" data-widget_type=\"heading.default\">\n\t\t\t\t<div class=\"elementor-widget-container\">\n\t\t\t\t\t<h1 class=\"elementor-heading-title elementor-size-default\">NOTICIAS<\/h1>\t\t\t\t<\/div>\n\t\t\t\t<\/div>\n\t\t\t\t\t<\/div>\n\t\t\t\t<\/div>\n\t\t<div class=\"elementor-element elementor-element-738863c e-flex e-con-boxed e-con e-parent\" data-id=\"738863c\" data-element_type=\"container\" data-e-type=\"container\" data-settings=\"{&quot;background_background&quot;:&quot;classic&quot;}\">\n\t\t\t\t\t<div class=\"e-con-inner\">\n\t\t<div class=\"elementor-element elementor-element-173e592 e-con-full e-flex e-con e-child\" data-id=\"173e592\" data-element_type=\"container\" data-e-type=\"container\">\n\t\t\t\t<div class=\"elementor-element elementor-element-8043b69 animated-fast elementor-invisible elementor-widget elementor-widget-heading\" data-id=\"8043b69\" data-element_type=\"widget\" data-e-type=\"widget\" data-settings=\"{&quot;_animation&quot;:&quot;fadeIn&quot;}\" data-widget_type=\"heading.default\">\n\t\t\t\t<div class=\"elementor-widget-container\">\n\t\t\t\t\t<h1 class=\"elementor-heading-title elementor-size-default\">Imagine Cup se asocia con Rancho Santana FC, un equipo de primera divisi\u00f3n nicarag\u00fcense.<\/h1>\t\t\t\t<\/div>\n\t\t\t\t<\/div>\n\t\t\t\t<\/div>\n\t\t\t\t\t<\/div>\n\t\t\t\t<\/div>\n\t\t<div class=\"elementor-element elementor-element-5abc1f9 e-flex e-con-boxed e-con e-parent\" data-id=\"5abc1f9\" data-element_type=\"container\" data-e-type=\"container\" data-settings=\"{&quot;background_background&quot;:&quot;classic&quot;}\">\n\t\t\t\t\t<div class=\"e-con-inner\">\n\t\t\t\t<div class=\"elementor-element elementor-element-70b5600 elementor-widget elementor-widget-image\" data-id=\"70b5600\" data-element_type=\"widget\" data-e-type=\"widget\" data-widget_type=\"image.default\">\n\t\t\t\t<div class=\"elementor-widget-container\">\n\t\t\t\t\t\t\t\t\t\t\t\t\t\t\t<img fetchpriority=\"high\" decoding=\"async\" width=\"1024\" height=\"1024\" src=\"https:\/\/imaginecupnic.org\/wp-content\/uploads\/2024\/08\/WhatsApp-Image-2024-07-31-at-11.27.30-AM-1024x1024.jpeg\" class=\"attachment-large size-large wp-image-3708\" alt=\"\" srcset=\"https:\/\/imaginecupnic.org\/wp-content\/uploads\/2024\/08\/WhatsApp-Image-2024-07-31-at-11.27.30-AM-1024x1024.jpeg 1024w, https:\/\/imaginecupnic.org\/wp-content\/uploads\/2024\/08\/WhatsApp-Image-2024-07-31-at-11.27.30-AM-300x300.jpeg 300w, https:\/\/imaginecupnic.org\/wp-content\/uploads\/2024\/08\/WhatsApp-Image-2024-07-31-at-11.27.30-AM-150x150.jpeg 150w, https:\/\/imaginecupnic.org\/wp-content\/uploads\/2024\/08\/WhatsApp-Image-2024-07-31-at-11.27.30-AM-768x768.jpeg 768w, https:\/\/imaginecupnic.org\/wp-content\/uploads\/2024\/08\/WhatsApp-Image-2024-07-31-at-11.27.30-AM-12x12.jpeg 12w, https:\/\/imaginecupnic.org\/wp-content\/uploads\/2024\/08\/WhatsApp-Image-2024-07-31-at-11.27.30-AM.jpeg 1080w\" sizes=\"(max-width: 1024px) 100vw, 1024px\" \/>\t\t\t\t\t\t\t\t\t\t\t\t\t\t\t<\/div>\n\t\t\t\t<\/div>\n\t\t\t\t<div class=\"elementor-element elementor-element-55a26a9 elementor-widget elementor-widget-text-editor\" data-id=\"55a26a9\" data-element_type=\"widget\" data-e-type=\"widget\" data-widget_type=\"text-editor.default\">\n\t\t\t\t<div class=\"elementor-widget-container\">\n\t\t\t\t\t\t\t\t\t<p><span style=\"font-weight: 400;\">Imagine Cup y Rancho Santana FC han finalizado una asociaci\u00f3n que garantizar\u00e1 que los participantes de Imagine Cup tengan un camino hacia el f\u00fatbol profesional.<\/span><\/p><p><span style=\"font-weight: 400;\">Durante los eventos conjuntos, los jugadores tendr\u00e1n la oportunidad de demostrar sus habilidades frente a los directores del club. Aquellos que impresionen ser\u00e1n invitados a realizar pruebas e incluso a participar en partidos con los equipos juveniles y de primer equipo del Rancho Santana FC.<\/span><\/p><p><span style=\"font-weight: 400;\">Los fundadores de la Imagine Cup, Robert Matthews y Carlos Siero, afirmaron que la asociaci\u00f3n es un \u201ctestimonio de su determinaci\u00f3n para hacer crecer el deporte en Nicaragua y brindar a sus participantes oportunidades para alcanzar sus sue\u00f1os.\u201d<\/span><\/p><p><span style=\"font-weight: 400;\">El director deportivo del Rancho Santana FC, Carlos Reyes, declar\u00f3: \u201cRancho Santana FC, como parte de nuestro programa de desarrollo deportivo, sinti\u00f3 la necesidad de ampliar nuestras conexiones y descubri\u00f3 a la Imagine Cup como un proyecto que nos ayudar\u00e1 a formar y descubrir talento juvenil. Estamos ansiosos por conocer a los atletas que se destaquen en sus torneos e invitarlos a nuestras instalaciones para que puedan continuar su desarrollo como futbolistas.\u201d<\/span><\/p>\t\t\t\t\t\t\t\t<\/div>\n\t\t\t\t<\/div>\n\t\t\t\t\t<\/div>\n\t\t\t\t<\/div>\n\t\t\t\t<\/div>","protected":false},"excerpt":{"rendered":"<p>NEWS Imagine Cup Partner with Rancho Santana FC, Nicaraguan first division team Imagine Cup and Rancho Santana FC have finalized a partnership that will guarantee that Imagine Cup participants will have a pathway toward professional soccer. Across the joint events, players will have the opportunity to showcase their skills in front of club directors. Those [&hellip;]<\/p>\n","protected":false},"author":1,"featured_media":0,"parent":0,"menu_order":0,"comment_status":"closed","ping_status":"closed","template":"","meta":{"site-sidebar-layout":"no-sidebar","site-content-layout":"page-builder","ast-site-content-layout":"default","site-content-style":"default","site-sidebar-style":"default","ast-global-header-display":"","ast-banner-title-visibility":"","ast-main-header-display":"","ast-hfb-above-header-display":"","ast-hfb-below-header-display":"","ast-hfb-mobile-header-display":"","site-post-title":"disabled","ast-breadcrumbs-content":"","ast-featured-img":"disabled","footer-sml-layout":"","ast-disable-related-posts":"","theme-transparent-header-meta":"","adv-header-id-meta":"","stick-header-meta":"","header-above-stick-meta":"","header-main-stick-meta":"","header-below-stick-meta":"","astra-migrate-meta-layouts":"default","ast-page-background-enabled":"default","ast-page-background-meta":{"desktop":{"background-color":"","background-image":"","background-repeat":"repeat","background-position":"center center","background-size":"auto","background-attachment":"scroll","background-type":"","background-media":"","overlay-type":"","overlay-color":"","overlay-opacity":"","overlay-gradient":""},"tablet":{"background-color":"","background-image":"","background-repeat":"repeat","background-position":"center center","background-size":"auto","background-attachment":"scroll","background-type":"","background-media":"","overlay-type":"","overlay-color":"","overlay-opacity":"","overlay-gradient":""},"mobile":{"background-color":"","background-image":"","background-repeat":"repeat","background-position":"center center","background-size":"auto","background-attachment":"scroll","background-type":"","background-media":"","overlay-type":"","overlay-color":"","overlay-opacity":"","overlay-gradient":""}},"ast-content-background-meta":{"desktop":{"background-color":"var(--ast-global-color-5)","background-image":"","background-repeat":"repeat","background-position":"center center","background-size":"auto","background-attachment":"scroll","background-type":"","background-media":"","overlay-type":"","overlay-color":"","overlay-opacity":"","overlay-gradient":""},"tablet":{"background-color":"var(--ast-global-color-5)","background-image":"","background-repeat":"repeat","background-position":"center center","background-size":"auto","background-attachment":"scroll","background-type":"","background-media":"","overlay-type":"","overlay-color":"","overlay-opacity":"","overlay-gradient":""},"mobile":{"background-color":"var(--ast-global-color-5)","background-image":"","background-repeat":"repeat","background-position":"center center","background-size":"auto","background-attachment":"scroll","background-type":"","background-media":"","overlay-type":"","overlay-color":"","overlay-opacity":"","overlay-gradient":""}},"footnotes":""},"class_list":["post-3106","page","type-page","status-publish","hentry"],"_links":{"self":[{"href":"https:\/\/imaginecupnic.org\/es\/wp-json\/wp\/v2\/pages\/3106","targetHints":{"allow":["GET"]}}],"collection":[{"href":"https:\/\/imaginecupnic.org\/es\/wp-json\/wp\/v2\/pages"}],"about":[{"href":"https:\/\/imaginecupnic.org\/es\/wp-json\/wp\/v2\/types\/page"}],"author":[{"embeddable":true,"href":"https:\/\/imaginecupnic.org\/es\/wp-json\/wp\/v2\/users\/1"}],"replies":[{"embeddable":true,"href":"https:\/\/imaginecupnic.org\/es\/wp-json\/wp\/v2\/comments?post=3106"}],"version-history":[{"count":31,"href":"https:\/\/imaginecupnic.org\/es\/wp-json\/wp\/v2\/pages\/3106\/revisions"}],"predecessor-version":[{"id":3926,"href":"https:\/\/imaginecupnic.org\/es\/wp-json\/wp\/v2\/pages\/3106\/revisions\/3926"}],"wp:attachment":[{"href":"https:\/\/imaginecupnic.org\/es\/wp-json\/wp\/v2\/media?parent=3106"}],"curies":[{"name":"wp","href":"https:\/\/api.w.org\/{rel}","templated":true}]}}