{"id":3101,"date":"2024-07-24T23:47:22","date_gmt":"2024-07-24T23:47:22","guid":{"rendered":"http:\/\/imaginecupnic.org\/?page_id=3101"},"modified":"2024-08-08T17:15:30","modified_gmt":"2024-08-08T17:15:30","slug":"four-imagine-cup-participants-scouted-for-trials-with-first-division-team","status":"publish","type":"page","link":"https:\/\/imaginecupnic.org\/es\/four-imagine-cup-participants-scouted-for-trials-with-first-division-team\/","title":{"rendered":"Cuatro participantes de Imagine Cup fueron seleccionados para pruebas con un equipo de Primera Divisi\u00f3n."},"content":{"rendered":"<div data-elementor-type=\"wp-post\" data-elementor-id=\"3101\" class=\"elementor elementor-3101\" data-elementor-post-type=\"page\">\n\t\t\t\t<div class=\"elementor-element elementor-element-1a197ef e-flex e-con-boxed e-con e-parent\" data-id=\"1a197ef\" data-element_type=\"container\" data-e-type=\"container\" data-settings=\"{&quot;background_background&quot;:&quot;classic&quot;}\">\n\t\t\t\t\t<div class=\"e-con-inner\">\n\t\t\t\t<div class=\"elementor-element elementor-element-caaba13 animated-fast elementor-invisible elementor-widget elementor-widget-heading\" data-id=\"caaba13\" data-element_type=\"widget\" data-e-type=\"widget\" data-settings=\"{&quot;_animation&quot;:&quot;fadeIn&quot;}\" data-widget_type=\"heading.default\">\n\t\t\t\t<div class=\"elementor-widget-container\">\n\t\t\t\t\t<h1 class=\"elementor-heading-title elementor-size-default\">NOTICIAS<\/h1>\t\t\t\t<\/div>\n\t\t\t\t<\/div>\n\t\t\t\t\t<\/div>\n\t\t\t\t<\/div>\n\t\t<div class=\"elementor-element elementor-element-738863c e-flex e-con-boxed e-con e-parent\" data-id=\"738863c\" data-element_type=\"container\" data-e-type=\"container\" data-settings=\"{&quot;background_background&quot;:&quot;classic&quot;}\">\n\t\t\t\t\t<div class=\"e-con-inner\">\n\t\t<div class=\"elementor-element elementor-element-173e592 e-con-full e-flex e-con e-child\" data-id=\"173e592\" data-element_type=\"container\" data-e-type=\"container\">\n\t\t\t\t<div class=\"elementor-element elementor-element-8043b69 animated-fast elementor-invisible elementor-widget elementor-widget-heading\" data-id=\"8043b69\" data-element_type=\"widget\" data-e-type=\"widget\" data-settings=\"{&quot;_animation&quot;:&quot;fadeIn&quot;}\" data-widget_type=\"heading.default\">\n\t\t\t\t<div class=\"elementor-widget-container\">\n\t\t\t\t\t<h1 class=\"elementor-heading-title elementor-size-default\">Cuatro participantes de Imagine Cup fueron seleccionados para pruebas con un equipo de Primera Divisi\u00f3n.<\/h1>\t\t\t\t<\/div>\n\t\t\t\t<\/div>\n\t\t\t\t<\/div>\n\t\t\t\t\t<\/div>\n\t\t\t\t<\/div>\n\t\t<div class=\"elementor-element elementor-element-3b559f7 e-flex e-con-boxed e-con e-parent\" data-id=\"3b559f7\" data-element_type=\"container\" data-e-type=\"container\" data-settings=\"{&quot;background_background&quot;:&quot;classic&quot;}\">\n\t\t\t\t\t<div class=\"e-con-inner\">\n\t\t<div class=\"elementor-element elementor-element-07d46fb e-con-full e-flex e-con e-child\" data-id=\"07d46fb\" data-element_type=\"container\" data-e-type=\"container\">\n\t\t\t\t<div class=\"elementor-element elementor-element-1bdf8f5 elementor-widget elementor-widget-image\" data-id=\"1bdf8f5\" data-element_type=\"widget\" data-e-type=\"widget\" data-widget_type=\"image.default\">\n\t\t\t\t<div class=\"elementor-widget-container\">\n\t\t\t\t\t\t\t\t\t\t\t\t\t\t\t<img fetchpriority=\"high\" decoding=\"async\" width=\"1024\" height=\"1024\" src=\"https:\/\/imaginecupnic.org\/wp-content\/uploads\/2024\/07\/WhatsApp-Image-2024-07-25-at-4.44.03-PM-2-1024x1024.jpeg\" class=\"attachment-large size-large wp-image-3342\" alt=\"\" srcset=\"https:\/\/imaginecupnic.org\/wp-content\/uploads\/2024\/07\/WhatsApp-Image-2024-07-25-at-4.44.03-PM-2-1024x1024.jpeg 1024w, https:\/\/imaginecupnic.org\/wp-content\/uploads\/2024\/07\/WhatsApp-Image-2024-07-25-at-4.44.03-PM-2-300x300.jpeg 300w, https:\/\/imaginecupnic.org\/wp-content\/uploads\/2024\/07\/WhatsApp-Image-2024-07-25-at-4.44.03-PM-2-150x150.jpeg 150w, https:\/\/imaginecupnic.org\/wp-content\/uploads\/2024\/07\/WhatsApp-Image-2024-07-25-at-4.44.03-PM-2-768x768.jpeg 768w, https:\/\/imaginecupnic.org\/wp-content\/uploads\/2024\/07\/WhatsApp-Image-2024-07-25-at-4.44.03-PM-2.jpeg 1080w\" sizes=\"(max-width: 1024px) 100vw, 1024px\" \/>\t\t\t\t\t\t\t\t\t\t\t\t\t\t\t<\/div>\n\t\t\t\t<\/div>\n\t\t\t\t<\/div>\n\t\t<div class=\"elementor-element elementor-element-ca163be e-con-full e-flex e-con e-child\" data-id=\"ca163be\" data-element_type=\"container\" data-e-type=\"container\">\n\t\t\t\t<div class=\"elementor-element elementor-element-df2a700 elementor-widget elementor-widget-image\" data-id=\"df2a700\" data-element_type=\"widget\" data-e-type=\"widget\" data-widget_type=\"image.default\">\n\t\t\t\t<div class=\"elementor-widget-container\">\n\t\t\t\t\t\t\t\t\t\t\t\t\t\t\t<img decoding=\"async\" width=\"1024\" height=\"1024\" src=\"https:\/\/imaginecupnic.org\/wp-content\/uploads\/2024\/07\/WhatsApp-Image-2024-07-25-at-4.44.03-PM-1-1024x1024.jpeg\" class=\"attachment-large size-large wp-image-3341\" alt=\"\" srcset=\"https:\/\/imaginecupnic.org\/wp-content\/uploads\/2024\/07\/WhatsApp-Image-2024-07-25-at-4.44.03-PM-1-1024x1024.jpeg 1024w, https:\/\/imaginecupnic.org\/wp-content\/uploads\/2024\/07\/WhatsApp-Image-2024-07-25-at-4.44.03-PM-1-300x300.jpeg 300w, https:\/\/imaginecupnic.org\/wp-content\/uploads\/2024\/07\/WhatsApp-Image-2024-07-25-at-4.44.03-PM-1-150x150.jpeg 150w, https:\/\/imaginecupnic.org\/wp-content\/uploads\/2024\/07\/WhatsApp-Image-2024-07-25-at-4.44.03-PM-1-768x768.jpeg 768w, https:\/\/imaginecupnic.org\/wp-content\/uploads\/2024\/07\/WhatsApp-Image-2024-07-25-at-4.44.03-PM-1.jpeg 1080w\" sizes=\"(max-width: 1024px) 100vw, 1024px\" \/>\t\t\t\t\t\t\t\t\t\t\t\t\t\t\t<\/div>\n\t\t\t\t<\/div>\n\t\t\t\t<\/div>\n\t\t\t\t\t<\/div>\n\t\t\t\t<\/div>\n\t\t<div class=\"elementor-element elementor-element-391dd76 e-flex e-con-boxed e-con e-parent\" data-id=\"391dd76\" data-element_type=\"container\" data-e-type=\"container\" data-settings=\"{&quot;background_background&quot;:&quot;classic&quot;}\">\n\t\t\t\t\t<div class=\"e-con-inner\">\n\t\t\t\t<div class=\"elementor-element elementor-element-faa7415 elementor-widget elementor-widget-text-editor\" data-id=\"faa7415\" data-element_type=\"widget\" data-e-type=\"widget\" data-widget_type=\"text-editor.default\">\n\t\t\t\t<div class=\"elementor-widget-container\">\n\t\t\t\t\t\t\t\t\t<p><span style=\"font-weight: 400;\">La 2\u00aa Edici\u00f3n de la Imagine Cup cont\u00f3 con la presencia de Luis D\u00edaz, entrenador principal de la categor\u00eda U-20 y asesor del primer equipo del Rancho Santana FC, equipo de la primera divisi\u00f3n nicarag\u00fcense. Su visita form\u00f3 parte de un plan establecido por los fundadores de la Imagine Cup para facilitar el acceso al f\u00fatbol profesional para todos los participantes de la Imagine Cup.\u00a0<\/span><\/p><p><span style=\"font-weight: 400;\">Durante su labor de scouting, el entrenador D\u00edaz invit\u00f3 a cuatro participantes para realizar pruebas con el Rancho Santana FC. Enoc Alvarado (CD El Chante), Abias Guti\u00e9rrez (Athletic Argiro), Edinson S\u00e1nchez (Athletic Argiro) y Cristofer Garc\u00eda (Deportivo Sur) tendr\u00e1n la oportunidad de mostrar sus talentos frente a los directores del club, con la esperanza de impresionar y ganarse un lugar en el equipo.\u00a0<\/span><\/p><p><span style=\"font-weight: 400;\">El entrenador D\u00edaz felicit\u00f3 a los cuatro jugadores por sus actuaciones y por mostrar sus talentos cuando m\u00e1s lo necesitaban. Tambi\u00e9n felicit\u00f3 a los fundadores de la Imagine Cup por su iniciativa y alto nivel de organizaci\u00f3n.\u00a0<\/span><\/p><p><span style=\"font-weight: 400;\">La Imagine Cup agradece al entrenador D\u00edaz por su contribuci\u00f3n a la edici\u00f3n 2024 de la copa, felicita a los cuatro jugadores por su selecci\u00f3n y les desea la mejor de las suertes en el futuro.<\/span><\/p>\t\t\t\t\t\t\t\t<\/div>\n\t\t\t\t<\/div>\n\t\t\t\t\t<\/div>\n\t\t\t\t<\/div>\n\t\t\t\t<\/div>","protected":false},"excerpt":{"rendered":"<p>NEWS Four Imagine Cup Participants scouted for trials with First Division Team The 2nd Edition of the Imagine Cup included the presence of Luis Diaz, the U-20 head coach and first-team advisor for Nicaraguan first-division team Rancho Santana FC. His visit was part of a plan set up by the Imagine Cup founders to facilitate [&hellip;]<\/p>\n","protected":false},"author":1,"featured_media":0,"parent":0,"menu_order":0,"comment_status":"closed","ping_status":"closed","template":"","meta":{"site-sidebar-layout":"no-sidebar","site-content-layout":"page-builder","ast-site-content-layout":"default","site-content-style":"default","site-sidebar-style":"default","ast-global-header-display":"","ast-banner-title-visibility":"","ast-main-header-display":"","ast-hfb-above-header-display":"","ast-hfb-below-header-display":"","ast-hfb-mobile-header-display":"","site-post-title":"disabled","ast-breadcrumbs-content":"","ast-featured-img":"disabled","footer-sml-layout":"","ast-disable-related-posts":"","theme-transparent-header-meta":"","adv-header-id-meta":"","stick-header-meta":"","header-above-stick-meta":"","header-main-stick-meta":"","header-below-stick-meta":"","astra-migrate-meta-layouts":"default","ast-page-background-enabled":"default","ast-page-background-meta":{"desktop":{"background-color":"","background-image":"","background-repeat":"repeat","background-position":"center center","background-size":"auto","background-attachment":"scroll","background-type":"","background-media":"","overlay-type":"","overlay-color":"","overlay-opacity":"","overlay-gradient":""},"tablet":{"background-color":"","background-image":"","background-repeat":"repeat","background-position":"center center","background-size":"auto","background-attachment":"scroll","background-type":"","background-media":"","overlay-type":"","overlay-color":"","overlay-opacity":"","overlay-gradient":""},"mobile":{"background-color":"","background-image":"","background-repeat":"repeat","background-position":"center center","background-size":"auto","background-attachment":"scroll","background-type":"","background-media":"","overlay-type":"","overlay-color":"","overlay-opacity":"","overlay-gradient":""}},"ast-content-background-meta":{"desktop":{"background-color":"var(--ast-global-color-5)","background-image":"","background-repeat":"repeat","background-position":"center center","background-size":"auto","background-attachment":"scroll","background-type":"","background-media":"","overlay-type":"","overlay-color":"","overlay-opacity":"","overlay-gradient":""},"tablet":{"background-color":"var(--ast-global-color-5)","background-image":"","background-repeat":"repeat","background-position":"center center","background-size":"auto","background-attachment":"scroll","background-type":"","background-media":"","overlay-type":"","overlay-color":"","overlay-opacity":"","overlay-gradient":""},"mobile":{"background-color":"var(--ast-global-color-5)","background-image":"","background-repeat":"repeat","background-position":"center center","background-size":"auto","background-attachment":"scroll","background-type":"","background-media":"","overlay-type":"","overlay-color":"","overlay-opacity":"","overlay-gradient":""}},"footnotes":""},"class_list":["post-3101","page","type-page","status-publish","hentry"],"_links":{"self":[{"href":"https:\/\/imaginecupnic.org\/es\/wp-json\/wp\/v2\/pages\/3101","targetHints":{"allow":["GET"]}}],"collection":[{"href":"https:\/\/imaginecupnic.org\/es\/wp-json\/wp\/v2\/pages"}],"about":[{"href":"https:\/\/imaginecupnic.org\/es\/wp-json\/wp\/v2\/types\/page"}],"author":[{"embeddable":true,"href":"https:\/\/imaginecupnic.org\/es\/wp-json\/wp\/v2\/users\/1"}],"replies":[{"embeddable":true,"href":"https:\/\/imaginecupnic.org\/es\/wp-json\/wp\/v2\/comments?post=3101"}],"version-history":[{"count":31,"href":"https:\/\/imaginecupnic.org\/es\/wp-json\/wp\/v2\/pages\/3101\/revisions"}],"predecessor-version":[{"id":3923,"href":"https:\/\/imaginecupnic.org\/es\/wp-json\/wp\/v2\/pages\/3101\/revisions\/3923"}],"wp:attachment":[{"href":"https:\/\/imaginecupnic.org\/es\/wp-json\/wp\/v2\/media?parent=3101"}],"curies":[{"name":"wp","href":"https:\/\/api.w.org\/{rel}","templated":true}]}}